{"id":7028,"date":"2025-04-01T06:07:07","date_gmt":"2025-04-01T06:07:07","guid":{"rendered":"https:\/\/cowkobe.com\/?page_id=7028"},"modified":"2025-04-01T06:09:22","modified_gmt":"2025-04-01T06:09:22","slug":"terms-of-service","status":"publish","type":"page","link":"https:\/\/cowkobe.com\/de\/terms-of-service\/","title":{"rendered":"Bedingungen der Dienstleistung"},"content":{"rendered":"<div data-elementor-type=\"wp-page\" data-elementor-id=\"7028\" class=\"elementor elementor-7028\" data-elementor-post-type=\"page\">\n\t\t\t\t<div class=\"elementor-element elementor-element-cfbd9d2 e-flex e-con-boxed e-con e-parent\" data-id=\"cfbd9d2\" data-element_type=\"container\">\n\t\t\t\t\t<div class=\"e-con-inner\">\n\t\t\t\t<div class=\"elementor-element elementor-element-097a774 elementor-widget elementor-widget-text-editor\" data-id=\"097a774\" data-element_type=\"widget\" data-widget_type=\"text-editor.default\">\n\t\t\t\t<div class=\"elementor-widget-container\">\n\t\t\t\t\t\t\t\t\t<div class=\"elementor-element elementor-element-3ebb56c2 elementor-widget elementor-widget-text-editor\" data-id=\"3ebb56c2\" data-element_type=\"widget\" data-widget_type=\"text-editor.default\"><div class=\"elementor-widget-container\"><p><strong>Wir setzen uns daf\u00fcr ein, dass Ihre Privatsph\u00e4re gesch\u00fctzt wird. Wenn wir Sie bei der Nutzung dieser Website um die Angabe bestimmter Informationen bitten, die Sie identifizieren, k\u00f6nnen Sie sicher sein, dass diese nur in \u00dcbereinstimmung mit dieser Datenschutzerkl\u00e4rung verwendet werden. Sie sollten diese Seite vor dem Kauf von Produkten \u00fcberpr\u00fcfen, um sicherzustellen, dass Sie mit allen \u00c4nderungen einverstanden sind.<\/strong><\/p><\/div><\/div><div class=\"elementor-element elementor-element-7527872 elementor-widget elementor-widget-text-editor\" data-id=\"7527872\" data-element_type=\"widget\" data-widget_type=\"text-editor.default\"><div class=\"elementor-widget-container\"><p><strong>ABSCHNITT 1 - BEDINGUNGEN F\u00dcR DEN ONLINE-SHOP<\/strong><br \/>Indem Sie diesen Nutzungsbedingungen zustimmen, versichern Sie, dass Sie gem\u00e4\u00df den Bestimmungen Ihres Staates oder Ihrer Provinz mindestens vollj\u00e4hrig sind oder dass Sie gem\u00e4\u00df den Bestimmungen Ihres Staates oder Ihrer Provinz die Vollj\u00e4hrigkeit erreicht haben und unsere Zustimmung eingeholt haben, um Ihren minderj\u00e4hrigen Familienmitgliedern die Nutzung der Website zu erlauben.<br \/>Sie d\u00fcrfen unsere Produkte nicht f\u00fcr ungesetzliche oder unbefugte Zwecke verwenden, und Sie d\u00fcrfen die Dienste nicht unter Verletzung von Gesetzen in Ihrer Gerichtsbarkeit (einschlie\u00dflich, aber nicht beschr\u00e4nkt auf Urheberrechtsgesetze) nutzen.<br \/>Sie d\u00fcrfen keine W\u00fcrmer oder Viren oder sonstigen zerst\u00f6rerischen Code \u00fcbertragen.<br \/>Ein Versto\u00df gegen diese Bedingungen f\u00fchrt zur sofortigen Beendigung Ihrer Dienste.<\/p><p><strong>ABSCHNITT 2 - ALLGEMEINE BEDINGUNGEN<\/strong><br \/>Wir behalten uns das Recht vor, den Service jederzeit und ohne Angabe von Gr\u00fcnden zu verweigern.<br \/>Sie nehmen zur Kenntnis, dass Ihre Inhalte (mit Ausnahme von Kreditkarteninformationen) in unverschl\u00fcsselter Form \u00fcbertragen werden k\u00f6nnen und (a) \u00dcbertragungen \u00fcber verschiedene Netzwerke und (b) \u00c4nderungen zur Anpassung an die technischen Anforderungen der angeschlossenen Netzwerke oder Ger\u00e4te beinhalten. Kreditkarteninformationen werden bei der \u00dcbermittlung \u00fcber ein Netzwerk immer verschl\u00fcsselt.<br \/>Sie verpflichten sich, keinen Teil der Dienste, die Nutzung der Dienste, den Zugang zu den Diensten oder Kontaktinformationen auf den Websites, auf denen die Dienste bereitgestellt werden, ohne unsere ausdr\u00fcckliche schriftliche Genehmigung zu reproduzieren, zu duplizieren, zu kopieren, zu verkaufen, weiterzuverkaufen oder zu verwerten.<br \/>Die in dieser Vereinbarung verwendeten \u00dcberschriften dienen nur der \u00dcbersichtlichkeit und schr\u00e4nken diese Bedingungen weder ein noch haben sie anderweitige Auswirkungen.<\/p><p><strong>TEIL 3 - RICHTIGKEIT, VOLLST\u00c4NDIGKEIT UND RECHTZEITIGKEIT DER INFORMATIONEN<\/strong><br \/>Wir haften nicht, wenn die auf dieser Website bereitgestellten Informationen ungenau, unvollst\u00e4ndig oder nicht aktuell sind. Das Material auf dieser Website dient nur zu allgemeinen Informationszwecken und sollte nicht als alleinige Grundlage f\u00fcr Entscheidungen herangezogen werden, ohne eine prim\u00e4re, genauere, vollst\u00e4ndigere oder aktuellere Informationsquelle zu Rate zu ziehen. Jegliches Vertrauen in das Material auf dieser Website geschieht auf eigene Gefahr.<br \/>Diese Website kann bestimmte historische Informationen enthalten. Historische Informationen sind notwendigerweise nicht aktuell und dienen nur zu Ihrer Information. Wir behalten uns das Recht vor, jederzeit \u00c4nderungen am Inhalt unserer Website vorzunehmen, sind jedoch nicht verpflichtet, die Informationen auf unserer Website zu aktualisieren. Sie erkl\u00e4ren sich damit einverstanden, dass es in Ihrer Verantwortung liegt, unsere Website auf \u00c4nderungen zu \u00fcberpr\u00fcfen.<\/p><p><strong>Abschnitt 4 - \u00c4nderungen von Leistungen und Preisen<\/strong><br \/>Die Preise f\u00fcr unsere Produkte k\u00f6nnen ohne Vorank\u00fcndigung ge\u00e4ndert werden.<br \/>Wir behalten uns das Recht vor, die Dienste (oder Teile oder Inhalte davon) jederzeit und ohne Vorank\u00fcndigung zu \u00e4ndern oder einzustellen.<br \/>Wir haften weder Ihnen noch Dritten gegen\u00fcber f\u00fcr \u00c4nderungen, Preis\u00e4nderungen, Aussetzungen oder die Einstellung der Dienste.<\/p><p><strong>ABSCHNITT 5 - PRODUKTE ODER DIENSTLEISTUNGEN (FALLS ZUTREFFEND)<\/strong><br \/>Bestimmte Produkte oder Dienstleistungen sind m\u00f6glicherweise nur online \u00fcber die Website erh\u00e4ltlich. Diese Produkte oder Dienstleistungen sind m\u00f6glicherweise nur in begrenzten Mengen verf\u00fcgbar und k\u00f6nnen nur in \u00dcbereinstimmung mit unseren R\u00fcckgabebestimmungen zur\u00fcckgegeben oder umgetauscht werden.<br \/>Wir haben uns bem\u00fcht, die Farben und Bilder der im Shop angezeigten Produkte so genau wie m\u00f6glich darzustellen. Wir k\u00f6nnen nicht garantieren, dass die auf Ihrem Computerbildschirm angezeigten Farben korrekt sind.<br \/>Wir behalten uns das Recht vor, sind aber nicht verpflichtet, den Verkauf unserer Produkte oder Dienstleistungen auf bestimmte Personen, geografische Gebiete oder Gerichtsbarkeiten zu beschr\u00e4nken. Wir k\u00f6nnen dieses Recht von Fall zu Fall aus\u00fcben. Wir behalten uns das Recht vor, die Menge der angebotenen Produkte oder Dienstleistungen zu begrenzen. Alle Produktbeschreibungen oder Produktpreise k\u00f6nnen jederzeit ohne Vorank\u00fcndigung und nach unserem alleinigen Ermessen ge\u00e4ndert werden. Wir behalten uns das Recht vor, das Angebot eines Produkts jederzeit einzustellen. Jedes Angebot f\u00fcr ein Produkt oder eine Dienstleistung auf dieser Website ist ung\u00fcltig, wo es verboten ist.<br \/>Wir garantieren nicht, dass die Qualit\u00e4t der von Ihnen erworbenen oder erhaltenen Produkte, Dienstleistungen, Informationen oder anderen Materialien Ihren Erwartungen entspricht oder dass Fehler in den Diensten korrigiert werden.<\/p><p><strong>TEIL 6 - GENAUIGKEIT DER ABRECHNUNGS- UND KONTOINFORMATIONEN<\/strong><br \/>Wir behalten uns das Recht vor, jede Bestellung, die Sie uns aufgeben, abzulehnen. Wir k\u00f6nnen nach eigenem Ermessen die Anzahl der Eink\u00e4ufe pro Person, pro Haushalt oder pro Bestellung begrenzen oder stornieren. Diese Begrenzungen k\u00f6nnen Bestellungen einschlie\u00dfen, die von demselben Kundenkonto oder mit derselben Kreditkarte aufgegeben werden, und\/oder Bestellungen mit derselben Rechnungs- und\/oder Lieferadresse. Wenn wir eine Bestellung \u00e4ndern oder stornieren, k\u00f6nnen wir versuchen, Sie zu benachrichtigen, indem wir uns an die E-Mail-Adresse und\/oder Rechnungsadresse\/Telefonnummer wenden, die zum Zeitpunkt der Bestellung angegeben wurde. Wir behalten uns das Recht vor, Bestellungen einzuschr\u00e4nken oder zu verbieten, die nach unserem alleinigen Urteil den Anschein erwecken, von einem H\u00e4ndler, Wiederverk\u00e4ufer oder Distributor aufgegeben worden zu sein. Sie verpflichten sich, aktuelle, vollst\u00e4ndige und genaue Kauf- und Kontoinformationen f\u00fcr alle in unserem Shop get\u00e4tigten K\u00e4ufe anzugeben. Sie verpflichten sich, Ihre Konto- und sonstigen Informationen, einschlie\u00dflich Ihrer E-Mail-Adresse, Ihrer Kreditkartennummer und des Ablaufdatums, umgehend zu aktualisieren, damit wir Ihre Transaktion abschlie\u00dfen und Sie bei Bedarf kontaktieren k\u00f6nnen.<\/p><p><strong>ABSCHNITT 7 - OPTIONALE WERKZEUGE<\/strong><br \/>Wir k\u00f6nnen Ihnen den Zugang zu Tools von Drittanbietern erm\u00f6glichen, die wir weder \u00fcberwachen, noch kontrollieren, noch Einfluss darauf haben.<br \/>Sie nehmen zur Kenntnis und erkl\u00e4ren sich damit einverstanden, dass wir den Zugang zu solchen Tools auf der Basis \"wie besehen\" und \"wie verf\u00fcgbar\" zur Verf\u00fcgung stellen, ohne jegliche Garantie, Zusicherung oder Bedingung und ohne Haftung. wir sind nicht verantwortlich f\u00fcr jegliche Haftung, die sich aus oder in Verbindung mit Ihrer Nutzung von optionalen Tools Dritter ergibt.<br \/>Die Nutzung optionaler Tools, die \u00fcber die Website zur Verf\u00fcgung stehen, erfolgt ausschlie\u00dflich auf Ihr eigenes Risiko. Sie sollten sicherstellen, dass Sie mit den Bedingungen der vom jeweiligen Drittanbieter bereitgestellten Tools vertraut sind und diesen zustimmen.<br \/>Wir k\u00f6nnen in Zukunft auch neue Dienste und\/oder Funktionen \u00fcber die Website anbieten (einschlie\u00dflich der Ver\u00f6ffentlichung neuer Tools und Ressourcen). Solche neuen Funktionen und\/oder Dienste unterliegen ebenfalls diesen Nutzungsbedingungen. Abschnitt<\/p><p><strong>Teil 8 - Links von Dritten<\/strong><br \/>Bestimmte Inhalte, Produkte und Dienstleistungen, die \u00fcber unsere Dienste verf\u00fcgbar sind, k\u00f6nnen Material von Dritten enthalten.<br \/>Links von Dritten auf der Website k\u00f6nnen Sie zu Websites von Dritten f\u00fchren, die nicht mit uns verbunden sind. Wir sind nicht daf\u00fcr verantwortlich, den Inhalt oder die Genauigkeit zu \u00fcberpr\u00fcfen oder zu bewerten, und wir \u00fcbernehmen keine Garantie und sind nicht haftbar f\u00fcr Materialien oder Websites Dritter oder f\u00fcr andere Materialien, Produkte oder Dienstleistungen Dritter. Wir sind nicht verantwortlich f\u00fcr Sch\u00e4den oder Verluste, die durch<br \/>in Verbindung mit dem Kauf oder der Nutzung von Waren, Dienstleistungen, Ressourcen, Inhalten oder anderen Transaktionen im Zusammenhang mit der Website eines Dritten. Bitte lesen Sie die Richtlinien und Praktiken von Dritten sorgf\u00e4ltig durch und vergewissern Sie sich, dass Sie diese kennen, bevor Sie eine Transaktion durchf\u00fchren. Beschwerden, Anspr\u00fcche, Bedenken oder Fragen zu Produkten Dritter sollten an den jeweiligen Dritten gerichtet werden.<\/p><p><strong>ABSCHNITT 9 - NUTZER-KOMMENTARE, R\u00dcCKMELDUNGEN UND SONSTIGE EINSENDUNGEN<\/strong><br \/>Wenn Sie auf unsere Aufforderung hin bestimmte Inhalte (z. B. Wettbewerbsbeitr\u00e4ge) einreichen oder ohne unsere Aufforderung kreative Ideen, Anregungen, Vorschl\u00e4ge, Pl\u00e4ne oder andere Materialien einreichen, sei es online, per E-Mail, Post oder auf andere Weise (zusammenfassend \"Kommentare\"), haften Sie nicht f\u00fcr diese Kommentare. \"Sie erkl\u00e4ren sich damit einverstanden, dass wir Kommentare, die Sie uns \u00fcbermitteln, jederzeit und ohne Einschr\u00e4nkung bearbeiten, kopieren, ver\u00f6ffentlichen, verbreiten, \u00fcbersetzen und anderweitig nutzen d\u00fcrfen. Wir sind nicht verpflichtet, (1) die Vertraulichkeit von Kommentaren zu wahren, (2) Sie f\u00fcr Kommentare zu entsch\u00e4digen oder (3) auf Kommentare zu antworten.<br \/>Wir sind berechtigt, aber nicht verpflichtet, Inhalte zu \u00fcberwachen, zu bearbeiten oder zu entfernen, die wir nach unserem alleinigen Ermessen f\u00fcr rechtswidrig, beleidigend, bedrohlich, verleumderisch, diffamierend, pornografisch, obsz\u00f6n oder anderweitig anst\u00f6\u00dfig halten oder die die geistigen Eigentumsrechte einer Partei oder diese Nutzungsbedingungen verletzen.<br \/>Sie erkl\u00e4ren sich damit einverstanden, dass Ihre Kommentare nicht die Rechte Dritter verletzen, einschlie\u00dflich Urheberrechte, Markenrechte, Datenschutzrechte, Pers\u00f6nlichkeitsrechte oder andere pers\u00f6nliche oder Eigentumsrechte. Sie verpflichten sich ferner, dass Ihre Kommentare kein verleumderisches oder anderweitig ungesetzliches, beleidigendes oder obsz\u00f6nes Material oder Computerviren oder andere b\u00f6sartige Software enthalten, die den Betrieb des Dienstes oder einer damit verbundenen Website in irgendeiner Weise beeintr\u00e4chtigen k\u00f6nnten. Sie werden keine falsche E-Mail-Adresse verwenden, sich als eine andere Person ausgeben oder uns oder Dritte in Bezug auf die Herkunft von Kommentaren in die Irre f\u00fchren. Sie tragen die alleinige Verantwortung f\u00fcr alle Kommentare, die Sie ver\u00f6ffentlichen, und f\u00fcr deren Richtigkeit. Wir sind nicht verantwortlich f\u00fcr Kommentare, die von Ihnen oder Dritten ver\u00f6ffentlicht werden.<\/p><p><strong>ABSCHNITT 10 - PERS\u00d6NLICHE INFORMATIONEN<\/strong><br \/>Die \u00dcbermittlung personenbezogener Daten \u00fcber den Shop unterliegt unseren Datenschutzbestimmungen. Um unsere Datenschutzrichtlinie einzusehen.<\/p><p><strong>ABSCHNITT 11 - FEHLER, UNGENAUIGKEITEN UND AUSLASSUNGEN<\/strong><br \/>Gelegentlich kann es vorkommen, dass Informationen auf unserer Website oder im Service Tippfehler, Ungenauigkeiten oder Auslassungen enthalten, die sich auf Produktbeschreibungen, Preise, Werbeaktionen, Angebote, Produktversandkosten, Laufzeiten und Verf\u00fcgbarkeit beziehen k\u00f6nnen. Wir behalten uns das Recht vor, Fehler, Ungenauigkeiten oder Auslassungen zu korrigieren und Informationen zu \u00e4ndern oder zu aktualisieren oder Bestellungen zu stornieren, wenn Informationen im Service oder auf einer zugeh\u00f6rigen Website ungenau sind, und zwar jederzeit und ohne vorherige Ank\u00fcndigung (auch nachdem Sie Ihre Bestellung aufgegeben haben).<br \/>Wir sind nicht verpflichtet, Informationen im Service oder auf einer damit verbundenen Website zu aktualisieren, zu \u00e4ndern oder zu verdeutlichen, einschlie\u00dflich, aber nicht beschr\u00e4nkt auf, Preisinformationen, es sei denn, dies ist gesetzlich vorgeschrieben. Kein angegebenes Aktualisierungs- oder Auffrischungsdatum, das im Dienst oder auf einer zugeh\u00f6rigen Website angewendet wird, sollte als Hinweis darauf verstanden werden, dass alle Informationen im Dienst oder auf einer zugeh\u00f6rigen Website ge\u00e4ndert oder aktualisiert wurden.<br \/><br \/><strong>ABSCHNITT 12 - VERBOTENE VERWENDUNGEN<\/strong><br \/>Zus\u00e4tzlich zu anderen Verboten, die in den Nutzungsbedingungen dargelegt sind, ist es Ihnen untersagt, die Website oder ihren Inhalt zu nutzen: (a) f\u00fcr ungesetzliche Zwecke; (b) um andere zu ungesetzlichen Handlungen aufzufordern oder sich daran zu beteiligen; (c) um gegen internationale, bundesstaatliche, provinzielle oder staatliche Vorschriften, Regeln, Gesetze oder \u00f6rtliche Verordnungen zu versto\u00dfen; (d) um unsere Rechte an geistigem Eigentum oder die Rechte an geistigem Eigentum anderer zu verletzen oder zu verletzen; (e) zu bel\u00e4stigen, zu missbrauchen, zu beleidigen, zu verletzen, zu diffamieren, zu verleumden, zu verunglimpfen, einzusch\u00fcchtern oder aufgrund von Geschlecht, sexueller Orientierung, Religion, ethnischer Zugeh\u00f6rigkeit, Ethnie, Alter, nationaler Herkunft oder Behinderung zu diskriminieren; (f) falsche oder irref\u00fchrende Informationen zu \u00fcbermitteln; (g) das Hochladen oder \u00dcbertragen von Viren oder jeder anderen Art von b\u00f6sartigem Code, der in irgendeiner Weise die Funktionalit\u00e4t oder den Betrieb des Dienstes oder einer damit verbundenen Website, anderer Websites oder des Internets beeintr\u00e4chtigt oder beeintr\u00e4chtigt werden kann; (h) das Sammeln oder Verfolgen der pers\u00f6nlichen Daten anderer; (i) zum Spammen, Phishing, Pharming, Spidern, Crawlen oder Scrapen; (j) f\u00fcr obsz\u00f6ne oder unmoralische Zwecke; oder (k) um die Sicherheitsfunktionen des Dienstes oder einer zugeh\u00f6rigen Website, anderer Websites oder des Internets zu beeintr\u00e4chtigen oder zu umgehen. Wir behalten uns das Recht vor, Ihre Nutzung des Dienstes oder einer zugeh\u00f6rigen Website zu beenden, wenn Sie gegen eine der verbotenen Nutzungsarten versto\u00dfen.<\/p><p><strong>Abschnitt 13 - Gew\u00e4hrleistungsausschluss; Haftungsbeschr\u00e4nkung<\/strong><br \/>Wir garantieren nicht, dass die Nutzung unseres Dienstes ununterbrochen, zeitgerecht, sicher oder fehlerfrei sein wird.<br \/>Wir garantieren auch nicht, dass die Ergebnisse, die durch die Nutzung des Dienstes erzielt werden, genau oder zuverl\u00e4ssig sind.<br \/>Sie erkl\u00e4ren sich damit einverstanden, dass wir den Dienst jederzeit und auf unbestimmte Zeit ohne Benachrichtigung an Sie entfernen oder beenden k\u00f6nnen.<br \/>Sie erkl\u00e4ren sich ausdr\u00fccklich damit einverstanden, dass die Nutzung des Dienstes oder die Unf\u00e4higkeit, den Dienst zu nutzen, auf Ihr alleiniges Risiko erfolgt. Der Dienst und alle Produkte und Dienste, die Ihnen \u00fcber den Dienst zur Verf\u00fcgung gestellt werden (sofern nicht ausdr\u00fccklich von uns angegeben), werden \"wie besehen\" und \"wie verf\u00fcgbar\" f\u00fcr Ihre Nutzung bereitgestellt, ohne jegliche Zusicherungen, Garantien oder Bedingungen, weder ausdr\u00fccklich noch stillschweigend, einschlie\u00dflich aller stillschweigenden Garantien oder Bedingungen der Marktg\u00e4ngigkeit, der handels\u00fcblichen Qualit\u00e4t, der Eignung f\u00fcr einen bestimmten Zweck, der Haltbarkeit, des Eigentumsrechts und der Nichtverletzung von Rechten.<br \/>in keinem fall sind tangpura, unsere gesch\u00e4ftsf\u00fchrer, leitenden angestellten, mitarbeiter, partner, vertreter, auftragnehmer, praktikanten, lieferanten, dienstleister oder lizenzgeber haftbar f\u00fcr verletzungen, verluste, anspr\u00fcche oder direkte, indirekte, beil\u00e4ufige, strafende, besondere oder folgesch\u00e4den jeglicher art, einschliesslich, aber nicht beschr\u00e4nkt auf entgangene gewinne, einnahmenverluste, verlorene einsparungen, datenverluste, ersatzkosten oder \u00e4hnliche sch\u00e4den, unabh\u00e4ngig davon, ob diese auf vertrag, unerlaubter handlung (einschliesslich fahrl\u00e4ssigkeit), verschuldensunabh\u00e4ngiger haftung oder anderweitig beruhen, die sich aus der nutzung der inhalte dieser site ergeben. der dienst oder jegliche produkte, die durch den dienst beschafft wurden, oder f\u00fcr jegliche andere anspr\u00fcche, die in irgendeiner weise mit dem dienst zusammenh\u00e4ngen, oder f\u00fcr jegliche andere anspr\u00fcche, die in irgendeiner weise mit dem dienst zusammenh\u00e4ngen, oder f\u00fcr jegliche andere anspr\u00fcche, die in irgendeiner weise mit dem dienst zusammenh\u00e4ngen. den dienst oder jegliche produkte, die \u00fcber den dienst beschafft wurden, oder f\u00fcr jegliche andere anspr\u00fcche, die in irgendeiner weise mit ihrer nutzung des dienstes oder eines produkts zusammenh\u00e4ngen, einschliesslich, aber nicht beschr\u00e4nkt auf fehler oder auslassungen in inhalten oder jegliche verluste oder sch\u00e4den jeglicher art, die durch die nutzung des dienstes oder jeglicher inhalte (oder produkte) entstehen, die \u00fcber den dienst ver\u00f6ffentlicht, \u00fcbertragen oder anderweitig zur verf\u00fcgung gestellt werden, Da einige Staaten oder Gerichtsbarkeiten den Ausschluss oder die Beschr\u00e4nkung der Haftung f\u00fcr Folgesch\u00e4den oder Da einige Staaten oder Gerichtsbarkeiten den Ausschluss oder die Beschr\u00e4nkung der Haftung f\u00fcr Folgesch\u00e4den oder beil\u00e4ufige Sch\u00e4den nicht zulassen, ist unsere Haftung in diesen Staaten oder Gerichtsbarkeiten auf das gesetzlich zul\u00e4ssige H\u00f6chstma\u00df beschr\u00e4nkt.<\/p><p><strong>Abschnitt 14 - Entsch\u00e4digung<\/strong><br \/>Sie erkl\u00e4ren sich damit einverstanden, COWKOBE und seine Muttergesellschaft, Tochtergesellschaften, verbundenen Unternehmen, Partner, leitenden Angestellten, Direktoren, Vertreter, Auftragnehmer, Lizenzgeber, Dienstleister, Unterauftragnehmer, Lieferanten, Praktikanten und Mitarbeiter zu entsch\u00e4digen, zu verteidigen und schadlos zu halten von jeglichen Anspr\u00fcchen oder Forderungen, einschlie\u00dflich angemessener Anwaltskosten, die von Dritten aufgrund von Verst\u00f6\u00dfen Ihrerseits gegen diese Nutzungsbedingungen oder die Dokumente, auf die sie Bezug nehmen, oder aufgrund von Verst\u00f6\u00dfen Ihrerseits gegen ein Gesetz oder die Rechte Dritter erhoben werden.<\/p><p><strong>ABSCHNITT 15 - TRENNBARKEIT<\/strong><br \/>F\u00fcr den Fall, dass eine Bestimmung dieser Nutzungsbedingungen als rechtswidrig, ung\u00fcltig oder nicht durchsetzbar eingestuft wird, ist diese Bestimmung dennoch im gr\u00f6\u00dftm\u00f6glichen Umfang durchsetzbar, den das geltende Recht zul\u00e4sst, und der nicht durchsetzbare Teil gilt als von diesen Nutzungsbedingungen abgetrennt; eine solche Feststellung hat keine Auswirkungen auf die G\u00fcltigkeit und Durchsetzbarkeit der \u00fcbrigen Bestimmungen.<br \/><br \/><strong>ABSCHNITT 16 - BEENDIGUNG<\/strong><br \/>Die Verpflichtungen und Verbindlichkeiten der Parteien, die vor dem Beendigungsdatum entstanden sind, bleiben in jeder Hinsicht auch nach der Beendigung dieser Vereinbarung bestehen.<br \/>Diese Nutzungsbedingungen gelten, bis sie entweder von Ihnen oder von uns gek\u00fcndigt werden. Sie k\u00f6nnen diese Nutzungsbedingungen jederzeit k\u00fcndigen, indem Sie uns mitteilen, dass Sie unsere Dienste nicht mehr nutzen m\u00f6chten, oder wenn Sie aufh\u00f6ren, unsere Website zu nutzen.<br \/>Wenn Sie nach unserem alleinigen Ermessen eine Bedingung oder Bestimmung dieser Nutzungsbedingungen nicht einhalten oder wir den Verdacht haben, dass Sie diese nicht einhalten, k\u00f6nnen wir diese Vereinbarung auch jederzeit ohne Vorank\u00fcndigung k\u00fcndigen, und Sie bleiben f\u00fcr alle f\u00e4lligen Betr\u00e4ge bis einschlie\u00dflich des K\u00fcndigungsdatums haftbar; und\/oder wir k\u00f6nnen Ihnen dementsprechend den Zugang zu unseren Diensten (oder einem Teil davon) verweigern.<br \/><br \/><strong>ABSCHNITT 17 - GESAMTER VERTRAG<\/strong><br \/>Das Vers\u00e4umnis unsererseits, ein Recht oder eine Bestimmung dieser Nutzungsbedingungen auszu\u00fcben oder durchzusetzen, stellt keinen Verzicht auf dieses Recht oder diese Bestimmung dar.<br \/>Diese Nutzungsbedingungen und alle Richtlinien oder Betriebsregeln, die von uns auf dieser Website oder in Bezug auf den Dienst ver\u00f6ffentlicht werden, stellen die gesamte Vereinbarung und \u00dcbereinkunft zwischen Ihnen und uns dar und regeln Ihre Nutzung des Dienstes und ersetzen alle fr\u00fcheren oder gleichzeitigen Vereinbarungen, Mitteilungen und Vorschl\u00e4ge, ob m\u00fcndlich oder schriftlich, zwischen Ihnen und uns (einschlie\u00dflich, aber nicht beschr\u00e4nkt auf fr\u00fchere Versionen der Nutzungsbedingungen).<br \/>Etwaige Unklarheiten bei der Auslegung dieser Nutzungsbedingungen sind nicht gegen die Partei auszulegen, die sie verfasst hat.<br \/><br \/><strong>ABSCHNITT 18 - GELTENDES RECHT<\/strong><br \/>Diese Nutzungsbedingungen und alle separaten Vereinbarungen, mit denen wir Ihnen Dienste zur Verf\u00fcgung stellen, unterliegen den Gesetzen von Singapur und werden in \u00dcbereinstimmung mit diesen ausgelegt.<br \/><br \/><strong>ABSCHNITT 19 - \u00c4NDERUNGEN DER DIENSTBEDINGUNGEN<\/strong><br \/>Sie k\u00f6nnen die aktuellste Version der Nutzungsbedingungen jederzeit auf dieser Seite einsehen.<br \/>Wir behalten uns das Recht vor, nach eigenem Ermessen jeden Teil dieser Nutzungsbedingungen zu aktualisieren, zu \u00e4ndern oder zu ersetzen, indem wir Aktualisierungen und \u00c4nderungen auf unserer Website ver\u00f6ffentlichen. Es liegt in Ihrer Verantwortung, unsere Website regelm\u00e4\u00dfig auf \u00c4nderungen zu \u00fcberpr\u00fcfen. Wenn Sie unsere Website oder den Dienst nach der Ver\u00f6ffentlichung von \u00c4nderungen an diesen Nutzungsbedingungen weiterhin nutzen oder darauf zugreifen, gilt dies als Zustimmung zu diesen \u00c4nderungen.<br \/><br \/><strong>ABSCHNITT 20 - KONTAKTINFORMATIONEN<\/strong><br \/>Fragen zu den Nutzungsbedingungen sollten an folgende Adresse gerichtet werden<\/p><p>Luxury@cowkobe.com<\/p><p>\u00a0<\/p><\/div><\/div>\t\t\t\t\t\t\t\t<\/div>\n\t\t\t\t<\/div>\n\t\t\t\t\t<\/div>\n\t\t\t\t<\/div>\n\t\t\t\t<\/div>","protected":false},"excerpt":{"rendered":"<p>We are committed to ensuring that your privacy is protected. If we ask you to provide certain information that identifies you when you use this website, then you can be assured that it will only be used in accordance with this privacy statement.TANGPURA may change this policy from time to time by updating this page.&hellip;<\/p>","protected":false},"author":1,"featured_media":0,"parent":0,"menu_order":0,"comment_status":"closed","ping_status":"closed","template":"","meta":{"footnotes":""},"class_list":["post-7028","page","type-page","status-publish","hentry"],"_links":{"self":[{"href":"https:\/\/cowkobe.com\/de\/wp-json\/wp\/v2\/pages\/7028","targetHints":{"allow":["GET"]}}],"collection":[{"href":"https:\/\/cowkobe.com\/de\/wp-json\/wp\/v2\/pages"}],"about":[{"href":"https:\/\/cowkobe.com\/de\/wp-json\/wp\/v2\/types\/page"}],"author":[{"embeddable":true,"href":"https:\/\/cowkobe.com\/de\/wp-json\/wp\/v2\/users\/1"}],"replies":[{"embeddable":true,"href":"https:\/\/cowkobe.com\/de\/wp-json\/wp\/v2\/comments?post=7028"}],"version-history":[{"count":4,"href":"https:\/\/cowkobe.com\/de\/wp-json\/wp\/v2\/pages\/7028\/revisions"}],"predecessor-version":[{"id":7037,"href":"https:\/\/cowkobe.com\/de\/wp-json\/wp\/v2\/pages\/7028\/revisions\/7037"}],"wp:attachment":[{"href":"https:\/\/cowkobe.com\/de\/wp-json\/wp\/v2\/media?parent=7028"}],"curies":[{"name":"wp","href":"https:\/\/api.w.org\/{rel}","templated":true}]}}