{"id":10595,"date":"2025-07-04T02:36:54","date_gmt":"2025-07-04T02:36:54","guid":{"rendered":"https:\/\/cowkobe.com\/?post_type=product&#038;p=10595"},"modified":"2025-07-25T07:26:17","modified_gmt":"2025-07-25T07:26:17","slug":"boho-curtain84-inch-crochet-green-patterned-linen-curtains-2-panels-length-boho-farmhouse-curtains-blackout-for-living-room-bedroom-western-decor","status":"publish","type":"product","link":"https:\/\/cowkobe.com\/de\/produkt\/boho-curtain84-inch-crochet-green-patterned-linen-curtains-2-panels-length-boho-farmhouse-curtains-blackout-for-living-room-bedroom-western-decor\/","title":{"rendered":"Boho Vorhang, 84 Zoll geh\u00e4kelt gr\u00fcn gemustert Leinen Vorh\u00e4nge 2 Panels L\u00e4nge Boho Bauernhaus Vorh\u00e4nge Blackout f\u00fcr Wohnzimmer Schlafzimmer Western Dekor"},"content":{"rendered":"<h1 style=\"text-align: center;\">Lass das Licht herein - der Boho-Weg<\/h1>\n<p><img fetchpriority=\"high\" decoding=\"async\" class=\"aligncenter wp-image-10540 size-full\" src=\"http:\/\/cowkobe.com\/wp-content\/uploads\/2025\/07\/6-4.jpg\" alt=\"\" width=\"2000\" height=\"2000\" srcset=\"https:\/\/cowkobe.com\/wp-content\/uploads\/2025\/07\/6-4.jpg 2000w, https:\/\/cowkobe.com\/wp-content\/uploads\/2025\/07\/6-4-300x300.jpg 300w, https:\/\/cowkobe.com\/wp-content\/uploads\/2025\/07\/6-4-1024x1024.jpg 1024w, https:\/\/cowkobe.com\/wp-content\/uploads\/2025\/07\/6-4-150x150.jpg 150w, https:\/\/cowkobe.com\/wp-content\/uploads\/2025\/07\/6-4-768x768.jpg 768w, https:\/\/cowkobe.com\/wp-content\/uploads\/2025\/07\/6-4-1536x1536.jpg 1536w, https:\/\/cowkobe.com\/wp-content\/uploads\/2025\/07\/6-4-12x12.jpg 12w, https:\/\/cowkobe.com\/wp-content\/uploads\/2025\/07\/6-4-370x370.jpg 370w, https:\/\/cowkobe.com\/wp-content\/uploads\/2025\/07\/6-4-302x302.jpg 302w, https:\/\/cowkobe.com\/wp-content\/uploads\/2025\/07\/6-4-800x800.jpg 800w, https:\/\/cowkobe.com\/wp-content\/uploads\/2025\/07\/6-4-100x100.jpg 100w, https:\/\/cowkobe.com\/wp-content\/uploads\/2025\/07\/6-4-50x50.jpg 50w, https:\/\/cowkobe.com\/wp-content\/uploads\/2025\/07\/6-4-40x40.jpg 40w\" sizes=\"(max-width: 2000px) 100vw, 2000px\" \/><\/p>\n<p style=\"text-align: center;\">Verleihen Sie dem Ganzen einen Hauch von entspanntem Charme mit unserem <em data-start=\"424\" data-end=\"438\">Boho-Vorhang<\/em>. Aus leichtem, atmungsaktivem Baumwollgemisch gefertigt, l\u00e4sst er sich wunderbar drapieren und verleiht jedem Raum eine gem\u00fctliche Textur.<\/p>\n<p><img decoding=\"async\" class=\"aligncenter wp-image-10543 size-full lazyload\" data-src=\"http:\/\/cowkobe.com\/wp-content\/uploads\/2025\/07\/9-4-scaled.jpg\" alt=\"\" width=\"1707\" height=\"2560\" data-srcset=\"https:\/\/cowkobe.com\/wp-content\/uploads\/2025\/07\/9-4-scaled.jpg 1707w, https:\/\/cowkobe.com\/wp-content\/uploads\/2025\/07\/9-4-200x300.jpg 200w, https:\/\/cowkobe.com\/wp-content\/uploads\/2025\/07\/9-4-683x1024.jpg 683w, https:\/\/cowkobe.com\/wp-content\/uploads\/2025\/07\/9-4-768x1152.jpg 768w, https:\/\/cowkobe.com\/wp-content\/uploads\/2025\/07\/9-4-1024x1536.jpg 1024w, https:\/\/cowkobe.com\/wp-content\/uploads\/2025\/07\/9-4-1365x2048.jpg 1365w, https:\/\/cowkobe.com\/wp-content\/uploads\/2025\/07\/9-4-8x12.jpg 8w, https:\/\/cowkobe.com\/wp-content\/uploads\/2025\/07\/9-4-370x555.jpg 370w, https:\/\/cowkobe.com\/wp-content\/uploads\/2025\/07\/9-4-800x1200.jpg 800w, https:\/\/cowkobe.com\/wp-content\/uploads\/2025\/07\/9-4-27x40.jpg 27w\" data-sizes=\"(max-width: 1707px) 100vw, 1707px\" src=\"data:image\/gif;base64,R0lGODlhAQABAAAAACH5BAEKAAEALAAAAAABAAEAAAICTAEAOw==\" style=\"--smush-placeholder-width: 1707px; --smush-placeholder-aspect-ratio: 1707\/2560;\" \/><noscript><img decoding=\"async\" class=\"aligncenter wp-image-10543 size-full\" src=\"http:\/\/cowkobe.com\/wp-content\/uploads\/2025\/07\/9-4-scaled.jpg\" alt=\"\" width=\"1707\" height=\"2560\" srcset=\"https:\/\/cowkobe.com\/wp-content\/uploads\/2025\/07\/9-4-scaled.jpg 1707w, https:\/\/cowkobe.com\/wp-content\/uploads\/2025\/07\/9-4-200x300.jpg 200w, https:\/\/cowkobe.com\/wp-content\/uploads\/2025\/07\/9-4-683x1024.jpg 683w, https:\/\/cowkobe.com\/wp-content\/uploads\/2025\/07\/9-4-768x1152.jpg 768w, https:\/\/cowkobe.com\/wp-content\/uploads\/2025\/07\/9-4-1024x1536.jpg 1024w, https:\/\/cowkobe.com\/wp-content\/uploads\/2025\/07\/9-4-1365x2048.jpg 1365w, https:\/\/cowkobe.com\/wp-content\/uploads\/2025\/07\/9-4-8x12.jpg 8w, https:\/\/cowkobe.com\/wp-content\/uploads\/2025\/07\/9-4-370x555.jpg 370w, https:\/\/cowkobe.com\/wp-content\/uploads\/2025\/07\/9-4-800x1200.jpg 800w, https:\/\/cowkobe.com\/wp-content\/uploads\/2025\/07\/9-4-27x40.jpg 27w\" sizes=\"(max-width: 1707px) 100vw, 1707px\" \/><\/noscript><\/p>\n<p style=\"text-align: center;\"><img decoding=\"async\" class=\"aligncenter wp-image-10545 size-full lazyload\" data-src=\"http:\/\/cowkobe.com\/wp-content\/uploads\/2025\/07\/11-3-scaled.jpg\" alt=\"\" width=\"1707\" height=\"2560\" data-srcset=\"https:\/\/cowkobe.com\/wp-content\/uploads\/2025\/07\/11-3-scaled.jpg 1707w, https:\/\/cowkobe.com\/wp-content\/uploads\/2025\/07\/11-3-200x300.jpg 200w, https:\/\/cowkobe.com\/wp-content\/uploads\/2025\/07\/11-3-683x1024.jpg 683w, https:\/\/cowkobe.com\/wp-content\/uploads\/2025\/07\/11-3-768x1152.jpg 768w, https:\/\/cowkobe.com\/wp-content\/uploads\/2025\/07\/11-3-1024x1536.jpg 1024w, https:\/\/cowkobe.com\/wp-content\/uploads\/2025\/07\/11-3-1365x2048.jpg 1365w, https:\/\/cowkobe.com\/wp-content\/uploads\/2025\/07\/11-3-8x12.jpg 8w, https:\/\/cowkobe.com\/wp-content\/uploads\/2025\/07\/11-3-370x555.jpg 370w, https:\/\/cowkobe.com\/wp-content\/uploads\/2025\/07\/11-3-800x1200.jpg 800w, https:\/\/cowkobe.com\/wp-content\/uploads\/2025\/07\/11-3-27x40.jpg 27w\" data-sizes=\"(max-width: 1707px) 100vw, 1707px\" src=\"data:image\/gif;base64,R0lGODlhAQABAAAAACH5BAEKAAEALAAAAAABAAEAAAICTAEAOw==\" style=\"--smush-placeholder-width: 1707px; --smush-placeholder-aspect-ratio: 1707\/2560;\" \/><noscript><img decoding=\"async\" class=\"aligncenter wp-image-10545 size-full\" src=\"http:\/\/cowkobe.com\/wp-content\/uploads\/2025\/07\/11-3-scaled.jpg\" alt=\"\" width=\"1707\" height=\"2560\" srcset=\"https:\/\/cowkobe.com\/wp-content\/uploads\/2025\/07\/11-3-scaled.jpg 1707w, https:\/\/cowkobe.com\/wp-content\/uploads\/2025\/07\/11-3-200x300.jpg 200w, https:\/\/cowkobe.com\/wp-content\/uploads\/2025\/07\/11-3-683x1024.jpg 683w, https:\/\/cowkobe.com\/wp-content\/uploads\/2025\/07\/11-3-768x1152.jpg 768w, https:\/\/cowkobe.com\/wp-content\/uploads\/2025\/07\/11-3-1024x1536.jpg 1024w, https:\/\/cowkobe.com\/wp-content\/uploads\/2025\/07\/11-3-1365x2048.jpg 1365w, https:\/\/cowkobe.com\/wp-content\/uploads\/2025\/07\/11-3-8x12.jpg 8w, https:\/\/cowkobe.com\/wp-content\/uploads\/2025\/07\/11-3-370x555.jpg 370w, https:\/\/cowkobe.com\/wp-content\/uploads\/2025\/07\/11-3-800x1200.jpg 800w, https:\/\/cowkobe.com\/wp-content\/uploads\/2025\/07\/11-3-27x40.jpg 27w\" sizes=\"(max-width: 1707px) 100vw, 1707px\" \/><\/noscript><\/p>\n<p style=\"text-align: center;\"><img loading=\"lazy\" decoding=\"async\" class=\"aligncenter wp-image-10538 size-full lazyload\" data-src=\"http:\/\/cowkobe.com\/wp-content\/uploads\/2025\/07\/4-4.jpg\" alt=\"\" width=\"2000\" height=\"2000\" data-srcset=\"https:\/\/cowkobe.com\/wp-content\/uploads\/2025\/07\/4-4.jpg 2000w, https:\/\/cowkobe.com\/wp-content\/uploads\/2025\/07\/4-4-300x300.jpg 300w, https:\/\/cowkobe.com\/wp-content\/uploads\/2025\/07\/4-4-1024x1024.jpg 1024w, https:\/\/cowkobe.com\/wp-content\/uploads\/2025\/07\/4-4-150x150.jpg 150w, https:\/\/cowkobe.com\/wp-content\/uploads\/2025\/07\/4-4-768x768.jpg 768w, https:\/\/cowkobe.com\/wp-content\/uploads\/2025\/07\/4-4-1536x1536.jpg 1536w, https:\/\/cowkobe.com\/wp-content\/uploads\/2025\/07\/4-4-12x12.jpg 12w, https:\/\/cowkobe.com\/wp-content\/uploads\/2025\/07\/4-4-370x370.jpg 370w, https:\/\/cowkobe.com\/wp-content\/uploads\/2025\/07\/4-4-302x302.jpg 302w, https:\/\/cowkobe.com\/wp-content\/uploads\/2025\/07\/4-4-800x800.jpg 800w, https:\/\/cowkobe.com\/wp-content\/uploads\/2025\/07\/4-4-100x100.jpg 100w, https:\/\/cowkobe.com\/wp-content\/uploads\/2025\/07\/4-4-50x50.jpg 50w, https:\/\/cowkobe.com\/wp-content\/uploads\/2025\/07\/4-4-40x40.jpg 40w\" data-sizes=\"(max-width: 2000px) 100vw, 2000px\" src=\"data:image\/gif;base64,R0lGODlhAQABAAAAACH5BAEKAAEALAAAAAABAAEAAAICTAEAOw==\" style=\"--smush-placeholder-width: 2000px; --smush-placeholder-aspect-ratio: 2000\/2000;\" \/><noscript><img loading=\"lazy\" decoding=\"async\" class=\"aligncenter wp-image-10538 size-full\" src=\"http:\/\/cowkobe.com\/wp-content\/uploads\/2025\/07\/4-4.jpg\" alt=\"\" width=\"2000\" height=\"2000\" srcset=\"https:\/\/cowkobe.com\/wp-content\/uploads\/2025\/07\/4-4.jpg 2000w, https:\/\/cowkobe.com\/wp-content\/uploads\/2025\/07\/4-4-300x300.jpg 300w, https:\/\/cowkobe.com\/wp-content\/uploads\/2025\/07\/4-4-1024x1024.jpg 1024w, https:\/\/cowkobe.com\/wp-content\/uploads\/2025\/07\/4-4-150x150.jpg 150w, https:\/\/cowkobe.com\/wp-content\/uploads\/2025\/07\/4-4-768x768.jpg 768w, https:\/\/cowkobe.com\/wp-content\/uploads\/2025\/07\/4-4-1536x1536.jpg 1536w, https:\/\/cowkobe.com\/wp-content\/uploads\/2025\/07\/4-4-12x12.jpg 12w, https:\/\/cowkobe.com\/wp-content\/uploads\/2025\/07\/4-4-370x370.jpg 370w, https:\/\/cowkobe.com\/wp-content\/uploads\/2025\/07\/4-4-302x302.jpg 302w, https:\/\/cowkobe.com\/wp-content\/uploads\/2025\/07\/4-4-800x800.jpg 800w, https:\/\/cowkobe.com\/wp-content\/uploads\/2025\/07\/4-4-100x100.jpg 100w, https:\/\/cowkobe.com\/wp-content\/uploads\/2025\/07\/4-4-50x50.jpg 50w, https:\/\/cowkobe.com\/wp-content\/uploads\/2025\/07\/4-4-40x40.jpg 40w\" sizes=\"(max-width: 2000px) 100vw, 2000px\" \/><\/noscript><\/p>\n<p style=\"text-align: center;\">Mit Makramee-Mustern und Quastenbesatz versehen, ist dieses <em data-start=\"947\" data-end=\"961\">Vorhang<\/em> ist das ideale Accessoire f\u00fcr Boh\u00e8me-, Landhaus- oder eklektische Interieurs.<\/p>\n<p><img loading=\"lazy\" decoding=\"async\" class=\"aligncenter wp-image-10546 size-full lazyload\" data-src=\"http:\/\/cowkobe.com\/wp-content\/uploads\/2025\/07\/12-2-scaled.jpg\" alt=\"\" width=\"1707\" height=\"2560\" data-srcset=\"https:\/\/cowkobe.com\/wp-content\/uploads\/2025\/07\/12-2-scaled.jpg 1707w, https:\/\/cowkobe.com\/wp-content\/uploads\/2025\/07\/12-2-200x300.jpg 200w, https:\/\/cowkobe.com\/wp-content\/uploads\/2025\/07\/12-2-683x1024.jpg 683w, https:\/\/cowkobe.com\/wp-content\/uploads\/2025\/07\/12-2-768x1152.jpg 768w, https:\/\/cowkobe.com\/wp-content\/uploads\/2025\/07\/12-2-1024x1536.jpg 1024w, https:\/\/cowkobe.com\/wp-content\/uploads\/2025\/07\/12-2-1365x2048.jpg 1365w, https:\/\/cowkobe.com\/wp-content\/uploads\/2025\/07\/12-2-8x12.jpg 8w, https:\/\/cowkobe.com\/wp-content\/uploads\/2025\/07\/12-2-370x555.jpg 370w, https:\/\/cowkobe.com\/wp-content\/uploads\/2025\/07\/12-2-800x1200.jpg 800w, https:\/\/cowkobe.com\/wp-content\/uploads\/2025\/07\/12-2-27x40.jpg 27w\" data-sizes=\"(max-width: 1707px) 100vw, 1707px\" src=\"data:image\/gif;base64,R0lGODlhAQABAAAAACH5BAEKAAEALAAAAAABAAEAAAICTAEAOw==\" style=\"--smush-placeholder-width: 1707px; --smush-placeholder-aspect-ratio: 1707\/2560;\" \/><noscript><img loading=\"lazy\" decoding=\"async\" class=\"aligncenter wp-image-10546 size-full\" src=\"http:\/\/cowkobe.com\/wp-content\/uploads\/2025\/07\/12-2-scaled.jpg\" alt=\"\" width=\"1707\" height=\"2560\" srcset=\"https:\/\/cowkobe.com\/wp-content\/uploads\/2025\/07\/12-2-scaled.jpg 1707w, https:\/\/cowkobe.com\/wp-content\/uploads\/2025\/07\/12-2-200x300.jpg 200w, https:\/\/cowkobe.com\/wp-content\/uploads\/2025\/07\/12-2-683x1024.jpg 683w, https:\/\/cowkobe.com\/wp-content\/uploads\/2025\/07\/12-2-768x1152.jpg 768w, https:\/\/cowkobe.com\/wp-content\/uploads\/2025\/07\/12-2-1024x1536.jpg 1024w, https:\/\/cowkobe.com\/wp-content\/uploads\/2025\/07\/12-2-1365x2048.jpg 1365w, https:\/\/cowkobe.com\/wp-content\/uploads\/2025\/07\/12-2-8x12.jpg 8w, https:\/\/cowkobe.com\/wp-content\/uploads\/2025\/07\/12-2-370x555.jpg 370w, https:\/\/cowkobe.com\/wp-content\/uploads\/2025\/07\/12-2-800x1200.jpg 800w, https:\/\/cowkobe.com\/wp-content\/uploads\/2025\/07\/12-2-27x40.jpg 27w\" sizes=\"(max-width: 1707px) 100vw, 1707px\" \/><\/noscript><\/p>\n<p style=\"text-align: center;\">Verwandeln Sie schlichte Fenster in einen gem\u00fctlichen R\u00fcckzugsort mit unseren flie\u00dfenden<em data-start=\"1107\" data-end=\"1121\">\u00a0Vorhang<\/em>. Hergestellt aus umweltfreundlichem Stoff und entworfen f\u00fcr m\u00fcheloses Aufh\u00e4ngen, dekorieren Sie Ihre Fenster mit Frieden und Farbe. Unser <em data-start=\"805\" data-end=\"821\">Hippie-Vorhang<\/em> ist leicht, einfach aufzuh\u00e4ngen und ideal f\u00fcr Schlafs\u00e4le, Ateliers oder kreative Ecken.<\/p>\n<p style=\"text-align: center;\"><img loading=\"lazy\" decoding=\"async\" class=\"aligncenter size-full wp-image-10542 lazyload\" data-src=\"http:\/\/cowkobe.com\/wp-content\/uploads\/2025\/07\/8-4-scaled.jpg\" alt=\"\" width=\"1829\" height=\"2560\" data-srcset=\"https:\/\/cowkobe.com\/wp-content\/uploads\/2025\/07\/8-4-scaled.jpg 1829w, https:\/\/cowkobe.com\/wp-content\/uploads\/2025\/07\/8-4-214x300.jpg 214w, https:\/\/cowkobe.com\/wp-content\/uploads\/2025\/07\/8-4-731x1024.jpg 731w, https:\/\/cowkobe.com\/wp-content\/uploads\/2025\/07\/8-4-768x1075.jpg 768w, https:\/\/cowkobe.com\/wp-content\/uploads\/2025\/07\/8-4-1097x1536.jpg 1097w, https:\/\/cowkobe.com\/wp-content\/uploads\/2025\/07\/8-4-1463x2048.jpg 1463w, https:\/\/cowkobe.com\/wp-content\/uploads\/2025\/07\/8-4-9x12.jpg 9w, https:\/\/cowkobe.com\/wp-content\/uploads\/2025\/07\/8-4-370x518.jpg 370w, https:\/\/cowkobe.com\/wp-content\/uploads\/2025\/07\/8-4-800x1120.jpg 800w, https:\/\/cowkobe.com\/wp-content\/uploads\/2025\/07\/8-4-29x40.jpg 29w\" data-sizes=\"(max-width: 1829px) 100vw, 1829px\" src=\"data:image\/gif;base64,R0lGODlhAQABAAAAACH5BAEKAAEALAAAAAABAAEAAAICTAEAOw==\" style=\"--smush-placeholder-width: 1829px; --smush-placeholder-aspect-ratio: 1829\/2560;\" \/><noscript><img loading=\"lazy\" decoding=\"async\" class=\"aligncenter size-full wp-image-10542\" src=\"http:\/\/cowkobe.com\/wp-content\/uploads\/2025\/07\/8-4-scaled.jpg\" alt=\"\" width=\"1829\" height=\"2560\" srcset=\"https:\/\/cowkobe.com\/wp-content\/uploads\/2025\/07\/8-4-scaled.jpg 1829w, https:\/\/cowkobe.com\/wp-content\/uploads\/2025\/07\/8-4-214x300.jpg 214w, https:\/\/cowkobe.com\/wp-content\/uploads\/2025\/07\/8-4-731x1024.jpg 731w, https:\/\/cowkobe.com\/wp-content\/uploads\/2025\/07\/8-4-768x1075.jpg 768w, https:\/\/cowkobe.com\/wp-content\/uploads\/2025\/07\/8-4-1097x1536.jpg 1097w, https:\/\/cowkobe.com\/wp-content\/uploads\/2025\/07\/8-4-1463x2048.jpg 1463w, https:\/\/cowkobe.com\/wp-content\/uploads\/2025\/07\/8-4-9x12.jpg 9w, https:\/\/cowkobe.com\/wp-content\/uploads\/2025\/07\/8-4-370x518.jpg 370w, https:\/\/cowkobe.com\/wp-content\/uploads\/2025\/07\/8-4-800x1120.jpg 800w, https:\/\/cowkobe.com\/wp-content\/uploads\/2025\/07\/8-4-29x40.jpg 29w\" sizes=\"(max-width: 1829px) 100vw, 1829px\" \/><\/noscript><\/p>","protected":false},"excerpt":{"rendered":"<p>Let the Light In\u2014The Boho Way Add a touch of laid-back charm with our boho curtain. Made from lightweight, breathable cotton blend, it drapes beautifully and adds cozy texture to any space. Featuring macram\u00e9 patterns and tassel trims, this curtain is the ideal statement piece for bohemian, farmhouse, or eclectic interiors. Transform plain windows into&hellip;<\/p>","protected":false},"featured_media":10540,"comment_status":"open","ping_status":"closed","template":"","meta":[],"product_cat":[778],"product_tag":[],"class_list":{"0":"post-10595","1":"product","2":"type-product","3":"status-publish","4":"has-post-thumbnail","6":"product_cat-boho-curtain","8":"first","9":"instock","10":"taxable","11":"shipping-taxable","12":"purchasable","13":"product-type-variable","14":"wvs-archive-product-wrapper","15":"col-xs-6 col-sm-4","16":"col-md-3 col-lg-3","17":"un-4-cols"},"_links":{"self":[{"href":"https:\/\/cowkobe.com\/de\/wp-json\/wp\/v2\/product\/10595","targetHints":{"allow":["GET"]}}],"collection":[{"href":"https:\/\/cowkobe.com\/de\/wp-json\/wp\/v2\/product"}],"about":[{"href":"https:\/\/cowkobe.com\/de\/wp-json\/wp\/v2\/types\/product"}],"replies":[{"embeddable":true,"href":"https:\/\/cowkobe.com\/de\/wp-json\/wp\/v2\/comments?post=10595"}],"wp:featuredmedia":[{"embeddable":true,"href":"https:\/\/cowkobe.com\/de\/wp-json\/wp\/v2\/media\/10540"}],"wp:attachment":[{"href":"https:\/\/cowkobe.com\/de\/wp-json\/wp\/v2\/media?parent=10595"}],"wp:term":[{"taxonomy":"product_cat","embeddable":true,"href":"https:\/\/cowkobe.com\/de\/wp-json\/wp\/v2\/product_cat?post=10595"},{"taxonomy":"product_tag","embeddable":true,"href":"https:\/\/cowkobe.com\/de\/wp-json\/wp\/v2\/product_tag?post=10595"}],"curies":[{"name":"wp","href":"https:\/\/api.w.org\/{rel}","templated":true}]}}