{"id":10185,"date":"2025-06-30T08:47:08","date_gmt":"2025-06-30T08:47:08","guid":{"rendered":"https:\/\/cowkobe.com\/?post_type=product&#038;p=10185"},"modified":"2025-09-23T08:35:17","modified_gmt":"2025-09-23T08:35:17","slug":"boho-throw-pillow1818-pink-cotton-linen-tassel-pillow-cover-moroccan-throw-pillows-boho-lumbar-pillow-cover-for-sofa-couch-bed-olive-neutral-western-decoration-%e5%a4%8d%e5%88%b6-%e5%a4%8d","status":"publish","type":"product","link":"https:\/\/cowkobe.com\/es\/producto\/boho-throw-pillow1818-pink-cotton-linen-tassel-pillow-cover-moroccan-throw-pillows-boho-lumbar-pillow-cover-for-sofa-couch-bed-olive-neutral-western-decoration-%e5%a4%8d%e5%88%b6-%e5%a4%8d\/","title":{"rendered":"Boho Throw Pillow,18*18 Rosa Algod\u00f3n Lino Borla Funda Almohada Almohadas Marroqu\u00edes Boho Almohada Lumbar Funda Para Sof\u00e1 Cama Sof\u00e1, Oliva Neutro Decoraci\u00f3n Occidental"},"content":{"rendered":"<h1 style=\"text-align: center;\">Almohada Boho para cada habitaci\u00f3n<\/h1>\n<p style=\"text-align: center;\">Funda extra\u00edble con cremallera oculta para facilitar la limpieza.<\/p>\n<p><img fetchpriority=\"high\" decoding=\"async\" class=\"aligncenter wp-image-10187 size-full\" src=\"http:\/\/cowkobe.com\/wp-content\/uploads\/2025\/06\/1-15.jpg\" alt=\"\" width=\"2000\" height=\"2000\" srcset=\"https:\/\/cowkobe.com\/wp-content\/uploads\/2025\/06\/1-15.jpg 2000w, https:\/\/cowkobe.com\/wp-content\/uploads\/2025\/06\/1-15-300x300.jpg 300w, https:\/\/cowkobe.com\/wp-content\/uploads\/2025\/06\/1-15-1024x1024.jpg 1024w, https:\/\/cowkobe.com\/wp-content\/uploads\/2025\/06\/1-15-150x150.jpg 150w, https:\/\/cowkobe.com\/wp-content\/uploads\/2025\/06\/1-15-768x768.jpg 768w, https:\/\/cowkobe.com\/wp-content\/uploads\/2025\/06\/1-15-1536x1536.jpg 1536w, https:\/\/cowkobe.com\/wp-content\/uploads\/2025\/06\/1-15-12x12.jpg 12w, https:\/\/cowkobe.com\/wp-content\/uploads\/2025\/06\/1-15-370x370.jpg 370w, https:\/\/cowkobe.com\/wp-content\/uploads\/2025\/06\/1-15-302x302.jpg 302w, https:\/\/cowkobe.com\/wp-content\/uploads\/2025\/06\/1-15-800x800.jpg 800w, https:\/\/cowkobe.com\/wp-content\/uploads\/2025\/06\/1-15-100x100.jpg 100w, https:\/\/cowkobe.com\/wp-content\/uploads\/2025\/06\/1-15-50x50.jpg 50w, https:\/\/cowkobe.com\/wp-content\/uploads\/2025\/06\/1-15-40x40.jpg 40w\" sizes=\"(max-width: 2000px) 100vw, 2000px\" \/><\/p>\n<p><img decoding=\"async\" class=\"aligncenter wp-image-10193 size-full lazyload\" data-src=\"http:\/\/cowkobe.com\/wp-content\/uploads\/2025\/06\/7-12-scaled.jpg\" alt=\"\" width=\"1685\" height=\"2560\" data-srcset=\"https:\/\/cowkobe.com\/wp-content\/uploads\/2025\/06\/7-12-scaled.jpg 1685w, https:\/\/cowkobe.com\/wp-content\/uploads\/2025\/06\/7-12-198x300.jpg 198w, https:\/\/cowkobe.com\/wp-content\/uploads\/2025\/06\/7-12-674x1024.jpg 674w, https:\/\/cowkobe.com\/wp-content\/uploads\/2025\/06\/7-12-768x1167.jpg 768w, https:\/\/cowkobe.com\/wp-content\/uploads\/2025\/06\/7-12-1011x1536.jpg 1011w, https:\/\/cowkobe.com\/wp-content\/uploads\/2025\/06\/7-12-1348x2048.jpg 1348w, https:\/\/cowkobe.com\/wp-content\/uploads\/2025\/06\/7-12-8x12.jpg 8w, https:\/\/cowkobe.com\/wp-content\/uploads\/2025\/06\/7-12-370x562.jpg 370w, https:\/\/cowkobe.com\/wp-content\/uploads\/2025\/06\/7-12-800x1215.jpg 800w, https:\/\/cowkobe.com\/wp-content\/uploads\/2025\/06\/7-12-26x40.jpg 26w\" data-sizes=\"(max-width: 1685px) 100vw, 1685px\" src=\"data:image\/gif;base64,R0lGODlhAQABAAAAACH5BAEKAAEALAAAAAABAAEAAAICTAEAOw==\" style=\"--smush-placeholder-width: 1685px; --smush-placeholder-aspect-ratio: 1685\/2560;\" \/><noscript><img decoding=\"async\" class=\"aligncenter wp-image-10193 size-full\" src=\"http:\/\/cowkobe.com\/wp-content\/uploads\/2025\/06\/7-12-scaled.jpg\" alt=\"\" width=\"1685\" height=\"2560\" srcset=\"https:\/\/cowkobe.com\/wp-content\/uploads\/2025\/06\/7-12-scaled.jpg 1685w, https:\/\/cowkobe.com\/wp-content\/uploads\/2025\/06\/7-12-198x300.jpg 198w, https:\/\/cowkobe.com\/wp-content\/uploads\/2025\/06\/7-12-674x1024.jpg 674w, https:\/\/cowkobe.com\/wp-content\/uploads\/2025\/06\/7-12-768x1167.jpg 768w, https:\/\/cowkobe.com\/wp-content\/uploads\/2025\/06\/7-12-1011x1536.jpg 1011w, https:\/\/cowkobe.com\/wp-content\/uploads\/2025\/06\/7-12-1348x2048.jpg 1348w, https:\/\/cowkobe.com\/wp-content\/uploads\/2025\/06\/7-12-8x12.jpg 8w, https:\/\/cowkobe.com\/wp-content\/uploads\/2025\/06\/7-12-370x562.jpg 370w, https:\/\/cowkobe.com\/wp-content\/uploads\/2025\/06\/7-12-800x1215.jpg 800w, https:\/\/cowkobe.com\/wp-content\/uploads\/2025\/06\/7-12-26x40.jpg 26w\" sizes=\"(max-width: 1685px) 100vw, 1685px\" \/><\/noscript><\/p>\n<p><img decoding=\"async\" class=\"aligncenter wp-image-10200 size-full lazyload\" data-src=\"http:\/\/cowkobe.com\/wp-content\/uploads\/2025\/06\/14-9-scaled.jpg\" alt=\"\" width=\"1685\" height=\"2560\" data-srcset=\"https:\/\/cowkobe.com\/wp-content\/uploads\/2025\/06\/14-9-scaled.jpg 1685w, https:\/\/cowkobe.com\/wp-content\/uploads\/2025\/06\/14-9-198x300.jpg 198w, https:\/\/cowkobe.com\/wp-content\/uploads\/2025\/06\/14-9-674x1024.jpg 674w, https:\/\/cowkobe.com\/wp-content\/uploads\/2025\/06\/14-9-768x1167.jpg 768w, https:\/\/cowkobe.com\/wp-content\/uploads\/2025\/06\/14-9-1011x1536.jpg 1011w, https:\/\/cowkobe.com\/wp-content\/uploads\/2025\/06\/14-9-1348x2048.jpg 1348w, https:\/\/cowkobe.com\/wp-content\/uploads\/2025\/06\/14-9-8x12.jpg 8w, https:\/\/cowkobe.com\/wp-content\/uploads\/2025\/06\/14-9-370x562.jpg 370w, https:\/\/cowkobe.com\/wp-content\/uploads\/2025\/06\/14-9-800x1215.jpg 800w, https:\/\/cowkobe.com\/wp-content\/uploads\/2025\/06\/14-9-26x40.jpg 26w\" data-sizes=\"(max-width: 1685px) 100vw, 1685px\" src=\"data:image\/gif;base64,R0lGODlhAQABAAAAACH5BAEKAAEALAAAAAABAAEAAAICTAEAOw==\" style=\"--smush-placeholder-width: 1685px; --smush-placeholder-aspect-ratio: 1685\/2560;\" \/><noscript><img decoding=\"async\" class=\"aligncenter wp-image-10200 size-full\" src=\"http:\/\/cowkobe.com\/wp-content\/uploads\/2025\/06\/14-9-scaled.jpg\" alt=\"\" width=\"1685\" height=\"2560\" srcset=\"https:\/\/cowkobe.com\/wp-content\/uploads\/2025\/06\/14-9-scaled.jpg 1685w, https:\/\/cowkobe.com\/wp-content\/uploads\/2025\/06\/14-9-198x300.jpg 198w, https:\/\/cowkobe.com\/wp-content\/uploads\/2025\/06\/14-9-674x1024.jpg 674w, https:\/\/cowkobe.com\/wp-content\/uploads\/2025\/06\/14-9-768x1167.jpg 768w, https:\/\/cowkobe.com\/wp-content\/uploads\/2025\/06\/14-9-1011x1536.jpg 1011w, https:\/\/cowkobe.com\/wp-content\/uploads\/2025\/06\/14-9-1348x2048.jpg 1348w, https:\/\/cowkobe.com\/wp-content\/uploads\/2025\/06\/14-9-8x12.jpg 8w, https:\/\/cowkobe.com\/wp-content\/uploads\/2025\/06\/14-9-370x562.jpg 370w, https:\/\/cowkobe.com\/wp-content\/uploads\/2025\/06\/14-9-800x1215.jpg 800w, https:\/\/cowkobe.com\/wp-content\/uploads\/2025\/06\/14-9-26x40.jpg 26w\" sizes=\"(max-width: 1685px) 100vw, 1685px\" \/><\/noscript><\/p>\n<p style=\"text-align: center;\">Lleve el encanto bohemio a su hogar con este <strong data-start=\"539\" data-end=\"560\">Almohada Boho<\/strong> - la mezcla perfecta de comodidad relajada y estilo ecl\u00e9ctico. Tanto si decoras un sal\u00f3n bohemio, un dormitorio o un rinc\u00f3n de lectura, este coj\u00edn a\u00f1ade textura, calidez y personalidad a cualquier espacio.<\/p>\n<p><img loading=\"lazy\" decoding=\"async\" class=\"aligncenter wp-image-10197 size-full lazyload\" data-src=\"http:\/\/cowkobe.com\/wp-content\/uploads\/2025\/06\/11-11.jpg\" alt=\"\" width=\"2000\" height=\"2000\" data-srcset=\"https:\/\/cowkobe.com\/wp-content\/uploads\/2025\/06\/11-11.jpg 2000w, https:\/\/cowkobe.com\/wp-content\/uploads\/2025\/06\/11-11-300x300.jpg 300w, https:\/\/cowkobe.com\/wp-content\/uploads\/2025\/06\/11-11-1024x1024.jpg 1024w, https:\/\/cowkobe.com\/wp-content\/uploads\/2025\/06\/11-11-150x150.jpg 150w, https:\/\/cowkobe.com\/wp-content\/uploads\/2025\/06\/11-11-768x768.jpg 768w, https:\/\/cowkobe.com\/wp-content\/uploads\/2025\/06\/11-11-1536x1536.jpg 1536w, https:\/\/cowkobe.com\/wp-content\/uploads\/2025\/06\/11-11-12x12.jpg 12w, https:\/\/cowkobe.com\/wp-content\/uploads\/2025\/06\/11-11-370x370.jpg 370w, https:\/\/cowkobe.com\/wp-content\/uploads\/2025\/06\/11-11-302x302.jpg 302w, https:\/\/cowkobe.com\/wp-content\/uploads\/2025\/06\/11-11-800x800.jpg 800w, https:\/\/cowkobe.com\/wp-content\/uploads\/2025\/06\/11-11-100x100.jpg 100w, https:\/\/cowkobe.com\/wp-content\/uploads\/2025\/06\/11-11-50x50.jpg 50w, https:\/\/cowkobe.com\/wp-content\/uploads\/2025\/06\/11-11-40x40.jpg 40w\" data-sizes=\"(max-width: 2000px) 100vw, 2000px\" src=\"data:image\/gif;base64,R0lGODlhAQABAAAAACH5BAEKAAEALAAAAAABAAEAAAICTAEAOw==\" style=\"--smush-placeholder-width: 2000px; --smush-placeholder-aspect-ratio: 2000\/2000;\" \/><noscript><img loading=\"lazy\" decoding=\"async\" class=\"aligncenter wp-image-10197 size-full\" src=\"http:\/\/cowkobe.com\/wp-content\/uploads\/2025\/06\/11-11.jpg\" alt=\"\" width=\"2000\" height=\"2000\" srcset=\"https:\/\/cowkobe.com\/wp-content\/uploads\/2025\/06\/11-11.jpg 2000w, https:\/\/cowkobe.com\/wp-content\/uploads\/2025\/06\/11-11-300x300.jpg 300w, https:\/\/cowkobe.com\/wp-content\/uploads\/2025\/06\/11-11-1024x1024.jpg 1024w, https:\/\/cowkobe.com\/wp-content\/uploads\/2025\/06\/11-11-150x150.jpg 150w, https:\/\/cowkobe.com\/wp-content\/uploads\/2025\/06\/11-11-768x768.jpg 768w, https:\/\/cowkobe.com\/wp-content\/uploads\/2025\/06\/11-11-1536x1536.jpg 1536w, https:\/\/cowkobe.com\/wp-content\/uploads\/2025\/06\/11-11-12x12.jpg 12w, https:\/\/cowkobe.com\/wp-content\/uploads\/2025\/06\/11-11-370x370.jpg 370w, https:\/\/cowkobe.com\/wp-content\/uploads\/2025\/06\/11-11-302x302.jpg 302w, https:\/\/cowkobe.com\/wp-content\/uploads\/2025\/06\/11-11-800x800.jpg 800w, https:\/\/cowkobe.com\/wp-content\/uploads\/2025\/06\/11-11-100x100.jpg 100w, https:\/\/cowkobe.com\/wp-content\/uploads\/2025\/06\/11-11-50x50.jpg 50w, https:\/\/cowkobe.com\/wp-content\/uploads\/2025\/06\/11-11-40x40.jpg 40w\" sizes=\"(max-width: 2000px) 100vw, 2000px\" \/><\/noscript><\/p>\n<p style=\"text-align: center;\">Fabricada con un tejido suave y duradero y con motivos detallados inspirados en las tradiciones artesanales de todo el mundo, es una prenda acogedora que le encantar\u00e1 durante todo el a\u00f1o.<\/p>\n<p><img loading=\"lazy\" decoding=\"async\" class=\"aligncenter wp-image-10195 size-full lazyload\" data-src=\"http:\/\/cowkobe.com\/wp-content\/uploads\/2025\/06\/9-12-scaled.jpg\" alt=\"\" width=\"1685\" height=\"2560\" data-srcset=\"https:\/\/cowkobe.com\/wp-content\/uploads\/2025\/06\/9-12-scaled.jpg 1685w, https:\/\/cowkobe.com\/wp-content\/uploads\/2025\/06\/9-12-198x300.jpg 198w, https:\/\/cowkobe.com\/wp-content\/uploads\/2025\/06\/9-12-674x1024.jpg 674w, https:\/\/cowkobe.com\/wp-content\/uploads\/2025\/06\/9-12-768x1167.jpg 768w, https:\/\/cowkobe.com\/wp-content\/uploads\/2025\/06\/9-12-1011x1536.jpg 1011w, https:\/\/cowkobe.com\/wp-content\/uploads\/2025\/06\/9-12-1348x2048.jpg 1348w, https:\/\/cowkobe.com\/wp-content\/uploads\/2025\/06\/9-12-8x12.jpg 8w, https:\/\/cowkobe.com\/wp-content\/uploads\/2025\/06\/9-12-370x562.jpg 370w, https:\/\/cowkobe.com\/wp-content\/uploads\/2025\/06\/9-12-800x1215.jpg 800w, https:\/\/cowkobe.com\/wp-content\/uploads\/2025\/06\/9-12-26x40.jpg 26w\" data-sizes=\"(max-width: 1685px) 100vw, 1685px\" src=\"data:image\/gif;base64,R0lGODlhAQABAAAAACH5BAEKAAEALAAAAAABAAEAAAICTAEAOw==\" style=\"--smush-placeholder-width: 1685px; --smush-placeholder-aspect-ratio: 1685\/2560;\" \/><noscript><img loading=\"lazy\" decoding=\"async\" class=\"aligncenter wp-image-10195 size-full\" src=\"http:\/\/cowkobe.com\/wp-content\/uploads\/2025\/06\/9-12-scaled.jpg\" alt=\"\" width=\"1685\" height=\"2560\" srcset=\"https:\/\/cowkobe.com\/wp-content\/uploads\/2025\/06\/9-12-scaled.jpg 1685w, https:\/\/cowkobe.com\/wp-content\/uploads\/2025\/06\/9-12-198x300.jpg 198w, https:\/\/cowkobe.com\/wp-content\/uploads\/2025\/06\/9-12-674x1024.jpg 674w, https:\/\/cowkobe.com\/wp-content\/uploads\/2025\/06\/9-12-768x1167.jpg 768w, https:\/\/cowkobe.com\/wp-content\/uploads\/2025\/06\/9-12-1011x1536.jpg 1011w, https:\/\/cowkobe.com\/wp-content\/uploads\/2025\/06\/9-12-1348x2048.jpg 1348w, https:\/\/cowkobe.com\/wp-content\/uploads\/2025\/06\/9-12-8x12.jpg 8w, https:\/\/cowkobe.com\/wp-content\/uploads\/2025\/06\/9-12-370x562.jpg 370w, https:\/\/cowkobe.com\/wp-content\/uploads\/2025\/06\/9-12-800x1215.jpg 800w, https:\/\/cowkobe.com\/wp-content\/uploads\/2025\/06\/9-12-26x40.jpg 26w\" sizes=\"(max-width: 1685px) 100vw, 1685px\" \/><\/noscript><\/p>\n<p style=\"text-align: center;\">Ll\u00e9vate el ambiente del oeste a casa con nuestro <strong data-start=\"370\" data-end=\"395\">almohadas de imitaci\u00f3n de piel de vaca<\/strong>-Dise\u00f1ados para ofrecer estilo, suavidad y sostenibilidad. Dise\u00f1ados para imitar la textura de la piel de vaca real, estos cojines sin crueldad ofrecen el mismo aspecto atrevido con un tacto m\u00e1s suave y flexible. Perfectos para decoraciones r\u00fasticas, bohemias o modernas.<\/p>\n<p><img loading=\"lazy\" decoding=\"async\" class=\"aligncenter wp-image-10196 size-full lazyload\" data-src=\"http:\/\/cowkobe.com\/wp-content\/uploads\/2025\/06\/10-11.jpg\" alt=\"\" width=\"2000\" height=\"2000\" data-srcset=\"https:\/\/cowkobe.com\/wp-content\/uploads\/2025\/06\/10-11.jpg 2000w, https:\/\/cowkobe.com\/wp-content\/uploads\/2025\/06\/10-11-300x300.jpg 300w, https:\/\/cowkobe.com\/wp-content\/uploads\/2025\/06\/10-11-1024x1024.jpg 1024w, https:\/\/cowkobe.com\/wp-content\/uploads\/2025\/06\/10-11-150x150.jpg 150w, https:\/\/cowkobe.com\/wp-content\/uploads\/2025\/06\/10-11-768x768.jpg 768w, https:\/\/cowkobe.com\/wp-content\/uploads\/2025\/06\/10-11-1536x1536.jpg 1536w, https:\/\/cowkobe.com\/wp-content\/uploads\/2025\/06\/10-11-12x12.jpg 12w, https:\/\/cowkobe.com\/wp-content\/uploads\/2025\/06\/10-11-370x370.jpg 370w, https:\/\/cowkobe.com\/wp-content\/uploads\/2025\/06\/10-11-302x302.jpg 302w, https:\/\/cowkobe.com\/wp-content\/uploads\/2025\/06\/10-11-800x800.jpg 800w, https:\/\/cowkobe.com\/wp-content\/uploads\/2025\/06\/10-11-100x100.jpg 100w, https:\/\/cowkobe.com\/wp-content\/uploads\/2025\/06\/10-11-50x50.jpg 50w, https:\/\/cowkobe.com\/wp-content\/uploads\/2025\/06\/10-11-40x40.jpg 40w\" data-sizes=\"(max-width: 2000px) 100vw, 2000px\" src=\"data:image\/gif;base64,R0lGODlhAQABAAAAACH5BAEKAAEALAAAAAABAAEAAAICTAEAOw==\" style=\"--smush-placeholder-width: 2000px; --smush-placeholder-aspect-ratio: 2000\/2000;\" \/><noscript><img loading=\"lazy\" decoding=\"async\" class=\"aligncenter wp-image-10196 size-full\" src=\"http:\/\/cowkobe.com\/wp-content\/uploads\/2025\/06\/10-11.jpg\" alt=\"\" width=\"2000\" height=\"2000\" srcset=\"https:\/\/cowkobe.com\/wp-content\/uploads\/2025\/06\/10-11.jpg 2000w, https:\/\/cowkobe.com\/wp-content\/uploads\/2025\/06\/10-11-300x300.jpg 300w, https:\/\/cowkobe.com\/wp-content\/uploads\/2025\/06\/10-11-1024x1024.jpg 1024w, https:\/\/cowkobe.com\/wp-content\/uploads\/2025\/06\/10-11-150x150.jpg 150w, https:\/\/cowkobe.com\/wp-content\/uploads\/2025\/06\/10-11-768x768.jpg 768w, https:\/\/cowkobe.com\/wp-content\/uploads\/2025\/06\/10-11-1536x1536.jpg 1536w, https:\/\/cowkobe.com\/wp-content\/uploads\/2025\/06\/10-11-12x12.jpg 12w, https:\/\/cowkobe.com\/wp-content\/uploads\/2025\/06\/10-11-370x370.jpg 370w, https:\/\/cowkobe.com\/wp-content\/uploads\/2025\/06\/10-11-302x302.jpg 302w, https:\/\/cowkobe.com\/wp-content\/uploads\/2025\/06\/10-11-800x800.jpg 800w, https:\/\/cowkobe.com\/wp-content\/uploads\/2025\/06\/10-11-100x100.jpg 100w, https:\/\/cowkobe.com\/wp-content\/uploads\/2025\/06\/10-11-50x50.jpg 50w, https:\/\/cowkobe.com\/wp-content\/uploads\/2025\/06\/10-11-40x40.jpg 40w\" sizes=\"(max-width: 2000px) 100vw, 2000px\" \/><\/noscript><\/p>\n<p style=\"text-align: center;\">Belleza boho, comodidad acogedora<\/p>\n<p><img loading=\"lazy\" decoding=\"async\" class=\"aligncenter wp-image-9936 size-full lazyload\" data-src=\"http:\/\/cowkobe.com\/wp-content\/uploads\/2025\/06\/8-7.jpg\" alt=\"\" width=\"1580\" height=\"2360\" data-srcset=\"https:\/\/cowkobe.com\/wp-content\/uploads\/2025\/06\/8-7.jpg 1580w, https:\/\/cowkobe.com\/wp-content\/uploads\/2025\/06\/8-7-201x300.jpg 201w, https:\/\/cowkobe.com\/wp-content\/uploads\/2025\/06\/8-7-686x1024.jpg 686w, https:\/\/cowkobe.com\/wp-content\/uploads\/2025\/06\/8-7-768x1147.jpg 768w, https:\/\/cowkobe.com\/wp-content\/uploads\/2025\/06\/8-7-1028x1536.jpg 1028w, https:\/\/cowkobe.com\/wp-content\/uploads\/2025\/06\/8-7-1371x2048.jpg 1371w, https:\/\/cowkobe.com\/wp-content\/uploads\/2025\/06\/8-7-8x12.jpg 8w, https:\/\/cowkobe.com\/wp-content\/uploads\/2025\/06\/8-7-370x553.jpg 370w, https:\/\/cowkobe.com\/wp-content\/uploads\/2025\/06\/8-7-800x1195.jpg 800w, https:\/\/cowkobe.com\/wp-content\/uploads\/2025\/06\/8-7-27x40.jpg 27w\" data-sizes=\"(max-width: 1580px) 100vw, 1580px\" src=\"data:image\/gif;base64,R0lGODlhAQABAAAAACH5BAEKAAEALAAAAAABAAEAAAICTAEAOw==\" style=\"--smush-placeholder-width: 1580px; --smush-placeholder-aspect-ratio: 1580\/2360;\" \/><noscript><img loading=\"lazy\" decoding=\"async\" class=\"aligncenter wp-image-9936 size-full\" src=\"http:\/\/cowkobe.com\/wp-content\/uploads\/2025\/06\/8-7.jpg\" alt=\"\" width=\"1580\" height=\"2360\" srcset=\"https:\/\/cowkobe.com\/wp-content\/uploads\/2025\/06\/8-7.jpg 1580w, https:\/\/cowkobe.com\/wp-content\/uploads\/2025\/06\/8-7-201x300.jpg 201w, https:\/\/cowkobe.com\/wp-content\/uploads\/2025\/06\/8-7-686x1024.jpg 686w, https:\/\/cowkobe.com\/wp-content\/uploads\/2025\/06\/8-7-768x1147.jpg 768w, https:\/\/cowkobe.com\/wp-content\/uploads\/2025\/06\/8-7-1028x1536.jpg 1028w, https:\/\/cowkobe.com\/wp-content\/uploads\/2025\/06\/8-7-1371x2048.jpg 1371w, https:\/\/cowkobe.com\/wp-content\/uploads\/2025\/06\/8-7-8x12.jpg 8w, https:\/\/cowkobe.com\/wp-content\/uploads\/2025\/06\/8-7-370x553.jpg 370w, https:\/\/cowkobe.com\/wp-content\/uploads\/2025\/06\/8-7-800x1195.jpg 800w, https:\/\/cowkobe.com\/wp-content\/uploads\/2025\/06\/8-7-27x40.jpg 27w\" sizes=\"(max-width: 1580px) 100vw, 1580px\" \/><\/noscript><\/p>\n<p>&nbsp;<\/p>\n<p style=\"text-align: center;\"><img loading=\"lazy\" decoding=\"async\" class=\"aligncenter wp-image-9928 size-full lazyload\" data-src=\"http:\/\/cowkobe.com\/wp-content\/uploads\/2025\/06\/12-7.jpg\" alt=\"\" width=\"2370\" height=\"2085\" data-srcset=\"https:\/\/cowkobe.com\/wp-content\/uploads\/2025\/06\/12-7.jpg 2370w, https:\/\/cowkobe.com\/wp-content\/uploads\/2025\/06\/12-7-300x264.jpg 300w, https:\/\/cowkobe.com\/wp-content\/uploads\/2025\/06\/12-7-1024x901.jpg 1024w, https:\/\/cowkobe.com\/wp-content\/uploads\/2025\/06\/12-7-768x676.jpg 768w, https:\/\/cowkobe.com\/wp-content\/uploads\/2025\/06\/12-7-1536x1351.jpg 1536w, https:\/\/cowkobe.com\/wp-content\/uploads\/2025\/06\/12-7-2048x1802.jpg 2048w, https:\/\/cowkobe.com\/wp-content\/uploads\/2025\/06\/12-7-14x12.jpg 14w, https:\/\/cowkobe.com\/wp-content\/uploads\/2025\/06\/12-7-370x326.jpg 370w, https:\/\/cowkobe.com\/wp-content\/uploads\/2025\/06\/12-7-800x704.jpg 800w, https:\/\/cowkobe.com\/wp-content\/uploads\/2025\/06\/12-7-45x40.jpg 45w\" data-sizes=\"(max-width: 2370px) 100vw, 2370px\" src=\"data:image\/gif;base64,R0lGODlhAQABAAAAACH5BAEKAAEALAAAAAABAAEAAAICTAEAOw==\" style=\"--smush-placeholder-width: 2370px; --smush-placeholder-aspect-ratio: 2370\/2085;\" \/><noscript><img loading=\"lazy\" decoding=\"async\" class=\"aligncenter wp-image-9928 size-full\" src=\"http:\/\/cowkobe.com\/wp-content\/uploads\/2025\/06\/12-7.jpg\" alt=\"\" width=\"2370\" height=\"2085\" srcset=\"https:\/\/cowkobe.com\/wp-content\/uploads\/2025\/06\/12-7.jpg 2370w, https:\/\/cowkobe.com\/wp-content\/uploads\/2025\/06\/12-7-300x264.jpg 300w, https:\/\/cowkobe.com\/wp-content\/uploads\/2025\/06\/12-7-1024x901.jpg 1024w, https:\/\/cowkobe.com\/wp-content\/uploads\/2025\/06\/12-7-768x676.jpg 768w, https:\/\/cowkobe.com\/wp-content\/uploads\/2025\/06\/12-7-1536x1351.jpg 1536w, https:\/\/cowkobe.com\/wp-content\/uploads\/2025\/06\/12-7-2048x1802.jpg 2048w, https:\/\/cowkobe.com\/wp-content\/uploads\/2025\/06\/12-7-14x12.jpg 14w, https:\/\/cowkobe.com\/wp-content\/uploads\/2025\/06\/12-7-370x326.jpg 370w, https:\/\/cowkobe.com\/wp-content\/uploads\/2025\/06\/12-7-800x704.jpg 800w, https:\/\/cowkobe.com\/wp-content\/uploads\/2025\/06\/12-7-45x40.jpg 45w\" sizes=\"(max-width: 2370px) 100vw, 2370px\" \/><\/noscript><\/p>\n<ul>\n<li data-start=\"491\" data-end=\"548\">\n<p data-start=\"493\" data-end=\"548\">\n<\/li>\n<\/ul>","protected":false},"excerpt":{"rendered":"<p>Boho Throw Pillow for Every Room Removable cover with hidden zipper for easy cleaning! Bring bohemian charm into your home with this Boho Throw Pillow \u2013 the perfect mix of laid-back comfort and eclectic style. Whether you&#8217;re decorating a boho living room, bedroom, or reading nook, this throw pillow adds texture, warmth, and personality to&hellip;<\/p>","protected":false},"featured_media":10187,"comment_status":"open","ping_status":"closed","template":"","meta":[],"product_cat":[755,389],"product_tag":[],"class_list":{"0":"post-10185","1":"product","2":"type-product","3":"status-publish","4":"has-post-thumbnail","6":"product_cat-boho-pillow","7":"product_cat-best-seller","9":"first","10":"instock","11":"taxable","12":"shipping-taxable","13":"purchasable","14":"product-type-variable","15":"wvs-archive-product-wrapper","16":"col-xs-6 col-sm-4","17":"col-md-3 col-lg-3","18":"un-4-cols"},"_links":{"self":[{"href":"https:\/\/cowkobe.com\/es\/wp-json\/wp\/v2\/product\/10185","targetHints":{"allow":["GET"]}}],"collection":[{"href":"https:\/\/cowkobe.com\/es\/wp-json\/wp\/v2\/product"}],"about":[{"href":"https:\/\/cowkobe.com\/es\/wp-json\/wp\/v2\/types\/product"}],"replies":[{"embeddable":true,"href":"https:\/\/cowkobe.com\/es\/wp-json\/wp\/v2\/comments?post=10185"}],"wp:featuredmedia":[{"embeddable":true,"href":"https:\/\/cowkobe.com\/es\/wp-json\/wp\/v2\/media\/10187"}],"wp:attachment":[{"href":"https:\/\/cowkobe.com\/es\/wp-json\/wp\/v2\/media?parent=10185"}],"wp:term":[{"taxonomy":"product_cat","embeddable":true,"href":"https:\/\/cowkobe.com\/es\/wp-json\/wp\/v2\/product_cat?post=10185"},{"taxonomy":"product_tag","embeddable":true,"href":"https:\/\/cowkobe.com\/es\/wp-json\/wp\/v2\/product_tag?post=10185"}],"curies":[{"name":"wp","href":"https:\/\/api.w.org\/{rel}","templated":true}]}}