{"id":10749,"date":"2025-07-08T08:00:55","date_gmt":"2025-07-08T08:00:55","guid":{"rendered":"https:\/\/cowkobe.com\/?post_type=product&#038;p=10749"},"modified":"2025-07-28T07:03:31","modified_gmt":"2025-07-28T07:03:31","slug":"cowhide-coaster12x17-inch-cowhide-placemats-yellow-set-of-2-units","status":"publish","type":"product","link":"https:\/\/cowkobe.com\/es\/producto\/cowhide-coaster12x17-inch-cowhide-placemats-yellow-set-of-2-units\/","title":{"rendered":"Salvamanteles de cuero de vaca,12\u00d717 pulgadas Salvamanteles de cuero de vaca amarillo Set de 2 unidades"},"content":{"rendered":"<h1 style=\"text-align: center;\">Textura natural, funci\u00f3n cotidiana<\/h1>\n<p style=\"text-align: center;\">A\u00f1ada un toque de estilo occidental y elegancia natural a su hogar con esta artesanal <strong data-start=\"273\" data-end=\"292\">Posavasos<\/strong>. Fabricada con piel de vacuno 100%, cada pieza presenta un dise\u00f1o \u00fanico que aporta individualidad y estilo a cada mesa.<\/p>\n<p><img fetchpriority=\"high\" decoding=\"async\" class=\"aligncenter wp-image-10716 size-full\" src=\"http:\/\/cowkobe.com\/wp-content\/uploads\/2025\/07\/21-3.jpg\" alt=\"\" width=\"2000\" height=\"2000\" srcset=\"https:\/\/cowkobe.com\/wp-content\/uploads\/2025\/07\/21-3.jpg 2000w, https:\/\/cowkobe.com\/wp-content\/uploads\/2025\/07\/21-3-300x300.jpg 300w, https:\/\/cowkobe.com\/wp-content\/uploads\/2025\/07\/21-3-1024x1024.jpg 1024w, https:\/\/cowkobe.com\/wp-content\/uploads\/2025\/07\/21-3-150x150.jpg 150w, https:\/\/cowkobe.com\/wp-content\/uploads\/2025\/07\/21-3-768x768.jpg 768w, https:\/\/cowkobe.com\/wp-content\/uploads\/2025\/07\/21-3-1536x1536.jpg 1536w, https:\/\/cowkobe.com\/wp-content\/uploads\/2025\/07\/21-3-12x12.jpg 12w, https:\/\/cowkobe.com\/wp-content\/uploads\/2025\/07\/21-3-370x370.jpg 370w, https:\/\/cowkobe.com\/wp-content\/uploads\/2025\/07\/21-3-302x302.jpg 302w, https:\/\/cowkobe.com\/wp-content\/uploads\/2025\/07\/21-3-800x800.jpg 800w, https:\/\/cowkobe.com\/wp-content\/uploads\/2025\/07\/21-3-100x100.jpg 100w, https:\/\/cowkobe.com\/wp-content\/uploads\/2025\/07\/21-3-50x50.jpg 50w, https:\/\/cowkobe.com\/wp-content\/uploads\/2025\/07\/21-3-40x40.jpg 40w\" sizes=\"(max-width: 2000px) 100vw, 2000px\" \/><\/p>\n<p style=\"text-align: center;\">Posavasos de cuero de vaca de primera calidad - 100% cuero de vaca natural<\/p>\n<p><img decoding=\"async\" class=\"aligncenter wp-image-10727 size-full lazyload\" data-src=\"http:\/\/cowkobe.com\/wp-content\/uploads\/2025\/07\/32-3-scaled.jpg\" alt=\"\" width=\"1361\" height=\"2560\" data-srcset=\"https:\/\/cowkobe.com\/wp-content\/uploads\/2025\/07\/32-3-scaled.jpg 1361w, https:\/\/cowkobe.com\/wp-content\/uploads\/2025\/07\/32-3-159x300.jpg 159w, https:\/\/cowkobe.com\/wp-content\/uploads\/2025\/07\/32-3-544x1024.jpg 544w, https:\/\/cowkobe.com\/wp-content\/uploads\/2025\/07\/32-3-768x1445.jpg 768w, https:\/\/cowkobe.com\/wp-content\/uploads\/2025\/07\/32-3-817x1536.jpg 817w, https:\/\/cowkobe.com\/wp-content\/uploads\/2025\/07\/32-3-1089x2048.jpg 1089w, https:\/\/cowkobe.com\/wp-content\/uploads\/2025\/07\/32-3-6x12.jpg 6w, https:\/\/cowkobe.com\/wp-content\/uploads\/2025\/07\/32-3-313x588.jpg 313w, https:\/\/cowkobe.com\/wp-content\/uploads\/2025\/07\/32-3-800x1505.jpg 800w, https:\/\/cowkobe.com\/wp-content\/uploads\/2025\/07\/32-3-21x40.jpg 21w\" data-sizes=\"(max-width: 1361px) 100vw, 1361px\" src=\"data:image\/gif;base64,R0lGODlhAQABAAAAACH5BAEKAAEALAAAAAABAAEAAAICTAEAOw==\" style=\"--smush-placeholder-width: 1361px; --smush-placeholder-aspect-ratio: 1361\/2560;\" \/><noscript><img decoding=\"async\" class=\"aligncenter wp-image-10727 size-full\" src=\"http:\/\/cowkobe.com\/wp-content\/uploads\/2025\/07\/32-3-scaled.jpg\" alt=\"\" width=\"1361\" height=\"2560\" srcset=\"https:\/\/cowkobe.com\/wp-content\/uploads\/2025\/07\/32-3-scaled.jpg 1361w, https:\/\/cowkobe.com\/wp-content\/uploads\/2025\/07\/32-3-159x300.jpg 159w, https:\/\/cowkobe.com\/wp-content\/uploads\/2025\/07\/32-3-544x1024.jpg 544w, https:\/\/cowkobe.com\/wp-content\/uploads\/2025\/07\/32-3-768x1445.jpg 768w, https:\/\/cowkobe.com\/wp-content\/uploads\/2025\/07\/32-3-817x1536.jpg 817w, https:\/\/cowkobe.com\/wp-content\/uploads\/2025\/07\/32-3-1089x2048.jpg 1089w, https:\/\/cowkobe.com\/wp-content\/uploads\/2025\/07\/32-3-6x12.jpg 6w, https:\/\/cowkobe.com\/wp-content\/uploads\/2025\/07\/32-3-313x588.jpg 313w, https:\/\/cowkobe.com\/wp-content\/uploads\/2025\/07\/32-3-800x1505.jpg 800w, https:\/\/cowkobe.com\/wp-content\/uploads\/2025\/07\/32-3-21x40.jpg 21w\" sizes=\"(max-width: 1361px) 100vw, 1361px\" \/><\/noscript><\/p>\n<p style=\"text-align: center;\">Tama\u00f1o: 12 x 17 pulgadas - vers\u00e1til para tazas, cuencos o bandejas peque\u00f1as<\/p>\n<p style=\"text-align: center;\" data-start=\"1296\" data-end=\"1435\">Para limpiarlo, basta con pasar un pa\u00f1o h\u00famedo. No lavar a m\u00e1quina ni poner en remojo. Mantener alejado de la luz solar directa durante largos periodos para conservar el color.<\/p>\n<p style=\"text-align: center;\"><img decoding=\"async\" class=\"aligncenter wp-image-10709 size-full lazyload\" data-src=\"http:\/\/cowkobe.com\/wp-content\/uploads\/2025\/07\/14-3.jpg\" alt=\"\" width=\"2000\" height=\"2000\" data-srcset=\"https:\/\/cowkobe.com\/wp-content\/uploads\/2025\/07\/14-3.jpg 2000w, https:\/\/cowkobe.com\/wp-content\/uploads\/2025\/07\/14-3-300x300.jpg 300w, https:\/\/cowkobe.com\/wp-content\/uploads\/2025\/07\/14-3-1024x1024.jpg 1024w, https:\/\/cowkobe.com\/wp-content\/uploads\/2025\/07\/14-3-150x150.jpg 150w, https:\/\/cowkobe.com\/wp-content\/uploads\/2025\/07\/14-3-768x768.jpg 768w, https:\/\/cowkobe.com\/wp-content\/uploads\/2025\/07\/14-3-1536x1536.jpg 1536w, https:\/\/cowkobe.com\/wp-content\/uploads\/2025\/07\/14-3-12x12.jpg 12w, https:\/\/cowkobe.com\/wp-content\/uploads\/2025\/07\/14-3-370x370.jpg 370w, https:\/\/cowkobe.com\/wp-content\/uploads\/2025\/07\/14-3-302x302.jpg 302w, https:\/\/cowkobe.com\/wp-content\/uploads\/2025\/07\/14-3-800x800.jpg 800w, https:\/\/cowkobe.com\/wp-content\/uploads\/2025\/07\/14-3-100x100.jpg 100w, https:\/\/cowkobe.com\/wp-content\/uploads\/2025\/07\/14-3-50x50.jpg 50w, https:\/\/cowkobe.com\/wp-content\/uploads\/2025\/07\/14-3-40x40.jpg 40w\" data-sizes=\"(max-width: 2000px) 100vw, 2000px\" src=\"data:image\/gif;base64,R0lGODlhAQABAAAAACH5BAEKAAEALAAAAAABAAEAAAICTAEAOw==\" style=\"--smush-placeholder-width: 2000px; --smush-placeholder-aspect-ratio: 2000\/2000;\" \/><noscript><img decoding=\"async\" class=\"aligncenter wp-image-10709 size-full\" src=\"http:\/\/cowkobe.com\/wp-content\/uploads\/2025\/07\/14-3.jpg\" alt=\"\" width=\"2000\" height=\"2000\" srcset=\"https:\/\/cowkobe.com\/wp-content\/uploads\/2025\/07\/14-3.jpg 2000w, https:\/\/cowkobe.com\/wp-content\/uploads\/2025\/07\/14-3-300x300.jpg 300w, https:\/\/cowkobe.com\/wp-content\/uploads\/2025\/07\/14-3-1024x1024.jpg 1024w, https:\/\/cowkobe.com\/wp-content\/uploads\/2025\/07\/14-3-150x150.jpg 150w, https:\/\/cowkobe.com\/wp-content\/uploads\/2025\/07\/14-3-768x768.jpg 768w, https:\/\/cowkobe.com\/wp-content\/uploads\/2025\/07\/14-3-1536x1536.jpg 1536w, https:\/\/cowkobe.com\/wp-content\/uploads\/2025\/07\/14-3-12x12.jpg 12w, https:\/\/cowkobe.com\/wp-content\/uploads\/2025\/07\/14-3-370x370.jpg 370w, https:\/\/cowkobe.com\/wp-content\/uploads\/2025\/07\/14-3-302x302.jpg 302w, https:\/\/cowkobe.com\/wp-content\/uploads\/2025\/07\/14-3-800x800.jpg 800w, https:\/\/cowkobe.com\/wp-content\/uploads\/2025\/07\/14-3-100x100.jpg 100w, https:\/\/cowkobe.com\/wp-content\/uploads\/2025\/07\/14-3-50x50.jpg 50w, https:\/\/cowkobe.com\/wp-content\/uploads\/2025\/07\/14-3-40x40.jpg 40w\" sizes=\"(max-width: 2000px) 100vw, 2000px\" \/><\/noscript><\/p>\n<p style=\"text-align: center;\">Este <strong data-start=\"1084\" data-end=\"1103\">posavasos de cuero de vaca<\/strong> no s\u00f3lo es bonito, sino tambi\u00e9n funcional. Protege las superficies del calor, la humedad y los ara\u00f1azos, a la vez que a\u00f1ade un toque robusto y elegante a su cocina, comedor, mesa de centro u oficina.<\/p>\n<p style=\"text-align: center;\"><img loading=\"lazy\" decoding=\"async\" class=\"aligncenter wp-image-10707 size-full lazyload\" data-src=\"http:\/\/cowkobe.com\/wp-content\/uploads\/2025\/07\/12-3-scaled-e1751959279983.jpg\" alt=\"\" width=\"1352\" height=\"1037\" data-srcset=\"https:\/\/cowkobe.com\/wp-content\/uploads\/2025\/07\/12-3-scaled-e1751959279983.jpg 1352w, https:\/\/cowkobe.com\/wp-content\/uploads\/2025\/07\/12-3-scaled-e1751959279983-300x230.jpg 300w, https:\/\/cowkobe.com\/wp-content\/uploads\/2025\/07\/12-3-scaled-e1751959279983-1024x785.jpg 1024w, https:\/\/cowkobe.com\/wp-content\/uploads\/2025\/07\/12-3-scaled-e1751959279983-768x589.jpg 768w, https:\/\/cowkobe.com\/wp-content\/uploads\/2025\/07\/12-3-scaled-e1751959279983-16x12.jpg 16w, https:\/\/cowkobe.com\/wp-content\/uploads\/2025\/07\/12-3-scaled-e1751959279983-370x284.jpg 370w, https:\/\/cowkobe.com\/wp-content\/uploads\/2025\/07\/12-3-scaled-e1751959279983-800x614.jpg 800w, https:\/\/cowkobe.com\/wp-content\/uploads\/2025\/07\/12-3-scaled-e1751959279983-52x40.jpg 52w\" data-sizes=\"(max-width: 1352px) 100vw, 1352px\" src=\"data:image\/gif;base64,R0lGODlhAQABAAAAACH5BAEKAAEALAAAAAABAAEAAAICTAEAOw==\" style=\"--smush-placeholder-width: 1352px; --smush-placeholder-aspect-ratio: 1352\/1037;\" \/><noscript><img loading=\"lazy\" decoding=\"async\" class=\"aligncenter wp-image-10707 size-full\" src=\"http:\/\/cowkobe.com\/wp-content\/uploads\/2025\/07\/12-3-scaled-e1751959279983.jpg\" alt=\"\" width=\"1352\" height=\"1037\" srcset=\"https:\/\/cowkobe.com\/wp-content\/uploads\/2025\/07\/12-3-scaled-e1751959279983.jpg 1352w, https:\/\/cowkobe.com\/wp-content\/uploads\/2025\/07\/12-3-scaled-e1751959279983-300x230.jpg 300w, https:\/\/cowkobe.com\/wp-content\/uploads\/2025\/07\/12-3-scaled-e1751959279983-1024x785.jpg 1024w, https:\/\/cowkobe.com\/wp-content\/uploads\/2025\/07\/12-3-scaled-e1751959279983-768x589.jpg 768w, https:\/\/cowkobe.com\/wp-content\/uploads\/2025\/07\/12-3-scaled-e1751959279983-16x12.jpg 16w, https:\/\/cowkobe.com\/wp-content\/uploads\/2025\/07\/12-3-scaled-e1751959279983-370x284.jpg 370w, https:\/\/cowkobe.com\/wp-content\/uploads\/2025\/07\/12-3-scaled-e1751959279983-800x614.jpg 800w, https:\/\/cowkobe.com\/wp-content\/uploads\/2025\/07\/12-3-scaled-e1751959279983-52x40.jpg 52w\" sizes=\"(max-width: 1352px) 100vw, 1352px\" \/><\/noscript><\/p>\n<p>&nbsp;<\/p>\n<p style=\"text-align: center;\">","protected":false},"excerpt":{"rendered":"<p>Natural Texture, Everyday Function Add a touch of Western flair and natural elegance to your home with this handcrafted Coaster. Made from 100% genuine cowhide, each piece features a one-of-a-kind pattern, bringing individuality and style to every table. Premium Cowhide Coaster \u2013 100% natural cowhide Size: 12 x 17 inches \u2014 versatile for mugs, bowls,&hellip;<\/p>","protected":false},"featured_media":10716,"comment_status":"open","ping_status":"closed","template":"","meta":[],"product_cat":[786],"product_tag":[],"class_list":{"0":"post-10749","1":"product","2":"type-product","3":"status-publish","4":"has-post-thumbnail","6":"product_cat-cowhide-coaster","8":"first","9":"instock","10":"taxable","11":"shipping-taxable","12":"purchasable","13":"product-type-simple","14":"col-xs-6 col-sm-4","15":"col-md-3 col-lg-3","16":"un-4-cols"},"_links":{"self":[{"href":"https:\/\/cowkobe.com\/es\/wp-json\/wp\/v2\/product\/10749","targetHints":{"allow":["GET"]}}],"collection":[{"href":"https:\/\/cowkobe.com\/es\/wp-json\/wp\/v2\/product"}],"about":[{"href":"https:\/\/cowkobe.com\/es\/wp-json\/wp\/v2\/types\/product"}],"replies":[{"embeddable":true,"href":"https:\/\/cowkobe.com\/es\/wp-json\/wp\/v2\/comments?post=10749"}],"wp:featuredmedia":[{"embeddable":true,"href":"https:\/\/cowkobe.com\/es\/wp-json\/wp\/v2\/media\/10716"}],"wp:attachment":[{"href":"https:\/\/cowkobe.com\/es\/wp-json\/wp\/v2\/media?parent=10749"}],"wp:term":[{"taxonomy":"product_cat","embeddable":true,"href":"https:\/\/cowkobe.com\/es\/wp-json\/wp\/v2\/product_cat?post=10749"},{"taxonomy":"product_tag","embeddable":true,"href":"https:\/\/cowkobe.com\/es\/wp-json\/wp\/v2\/product_tag?post=10749"}],"curies":[{"name":"wp","href":"https:\/\/api.w.org\/{rel}","templated":true}]}}