{"id":5504,"date":"2025-01-06T03:28:53","date_gmt":"2025-01-06T03:28:53","guid":{"rendered":"https:\/\/cowkobe.com\/?post_type=product&#038;p=5504"},"modified":"2025-06-17T07:55:40","modified_gmt":"2025-06-17T07:55:40","slug":"white-gray-genuine-natural-cowhide-rug-approx-2mx2m-authentic-animal-skin-area-rug-for-living-room-bedroom-and-dining-room-western-decorative-accents-rug","status":"publish","type":"product","link":"https:\/\/cowkobe.com\/fr\/produit\/white-gray-genuine-natural-cowhide-rug-approx-2mx2m-authentic-animal-skin-area-rug-for-living-room-bedroom-and-dining-room-western-decorative-accents-rug\/","title":{"rendered":"Tapis en peau de vache naturelle blanche et grise Approx. 2Mx2M Tapis en peau d'animal authentique Pour le salon, la chambre \u00e0 coucher et la salle \u00e0 manger Tapis d'accentuation d\u00e9coratif occidental"},"content":{"rendered":"<h3 style=\"text-align: center;\">L'une des meilleures touches de finition pour donner \u00e0 votre pi\u00e8ce un aspect neuf<\/h3>\n<p>Plus de 75 000 foyers utilisent nos produits et ce n'est pas fini ! Achetez directement pour obtenir la qualit\u00e9 d'une salle d'exposition et le look d'un designer ! Rejoignez certains des plus grands designers et des milliers de clients qui font confiance \u00e0 nos tapis tous les jours.<\/p>\n<p><img fetchpriority=\"high\" decoding=\"async\" class=\"wp-image-5517 aligncenter\" src=\"http:\/\/cowkobe.com\/wp-content\/uploads\/2025\/01\/B9536_livingRoom_1800x1800.webp\" alt=\"\" width=\"1358\" height=\"991\" srcset=\"https:\/\/cowkobe.com\/wp-content\/uploads\/2025\/01\/B9536_livingRoom_1800x1800.webp 1200w, https:\/\/cowkobe.com\/wp-content\/uploads\/2025\/01\/B9536_livingRoom_1800x1800-800x584.webp 800w, https:\/\/cowkobe.com\/wp-content\/uploads\/2025\/01\/B9536_livingRoom_1800x1800-300x219.webp 300w, https:\/\/cowkobe.com\/wp-content\/uploads\/2025\/01\/B9536_livingRoom_1800x1800-1024x748.webp 1024w, https:\/\/cowkobe.com\/wp-content\/uploads\/2025\/01\/B9536_livingRoom_1800x1800-768x561.webp 768w, https:\/\/cowkobe.com\/wp-content\/uploads\/2025\/01\/B9536_livingRoom_1800x1800-16x12.webp 16w, https:\/\/cowkobe.com\/wp-content\/uploads\/2025\/01\/B9536_livingRoom_1800x1800-370x270.webp 370w, https:\/\/cowkobe.com\/wp-content\/uploads\/2025\/01\/B9536_livingRoom_1800x1800-55x40.webp 55w\" sizes=\"(max-width: 1358px) 100vw, 1358px\" \/><\/p>\n<p>Ajoutez une touche de sophistication et de beaut\u00e9 naturelle \u00e0 n'importe quel espace avec le tapis en peau de vache. Le cuir de vache a une texture douce et moelleuse qui ajoute du confort \u00e0 n'importe quelle pi\u00e8ce.<\/p>\n<p><img decoding=\"async\" class=\"alignnone wp-image-5518 lazyload\" data-src=\"http:\/\/cowkobe.com\/wp-content\/uploads\/2025\/01\/B9536_room1_1800x1800.webp\" alt=\"\" width=\"1385\" height=\"923\" data-srcset=\"https:\/\/cowkobe.com\/wp-content\/uploads\/2025\/01\/B9536_room1_1800x1800.webp 1200w, https:\/\/cowkobe.com\/wp-content\/uploads\/2025\/01\/B9536_room1_1800x1800-800x533.webp 800w, https:\/\/cowkobe.com\/wp-content\/uploads\/2025\/01\/B9536_room1_1800x1800-300x200.webp 300w, https:\/\/cowkobe.com\/wp-content\/uploads\/2025\/01\/B9536_room1_1800x1800-1024x683.webp 1024w, https:\/\/cowkobe.com\/wp-content\/uploads\/2025\/01\/B9536_room1_1800x1800-768x512.webp 768w, https:\/\/cowkobe.com\/wp-content\/uploads\/2025\/01\/B9536_room1_1800x1800-18x12.webp 18w, https:\/\/cowkobe.com\/wp-content\/uploads\/2025\/01\/B9536_room1_1800x1800-370x247.webp 370w, https:\/\/cowkobe.com\/wp-content\/uploads\/2025\/01\/B9536_room1_1800x1800-60x40.webp 60w\" data-sizes=\"(max-width: 1385px) 100vw, 1385px\" src=\"data:image\/gif;base64,R0lGODlhAQABAAAAACH5BAEKAAEALAAAAAABAAEAAAICTAEAOw==\" style=\"--smush-placeholder-width: 1385px; --smush-placeholder-aspect-ratio: 1385\/923;\" \/><noscript><img decoding=\"async\" class=\"alignnone wp-image-5518\" src=\"http:\/\/cowkobe.com\/wp-content\/uploads\/2025\/01\/B9536_room1_1800x1800.webp\" alt=\"\" width=\"1385\" height=\"923\" srcset=\"https:\/\/cowkobe.com\/wp-content\/uploads\/2025\/01\/B9536_room1_1800x1800.webp 1200w, https:\/\/cowkobe.com\/wp-content\/uploads\/2025\/01\/B9536_room1_1800x1800-800x533.webp 800w, https:\/\/cowkobe.com\/wp-content\/uploads\/2025\/01\/B9536_room1_1800x1800-300x200.webp 300w, https:\/\/cowkobe.com\/wp-content\/uploads\/2025\/01\/B9536_room1_1800x1800-1024x683.webp 1024w, https:\/\/cowkobe.com\/wp-content\/uploads\/2025\/01\/B9536_room1_1800x1800-768x512.webp 768w, https:\/\/cowkobe.com\/wp-content\/uploads\/2025\/01\/B9536_room1_1800x1800-18x12.webp 18w, https:\/\/cowkobe.com\/wp-content\/uploads\/2025\/01\/B9536_room1_1800x1800-370x247.webp 370w, https:\/\/cowkobe.com\/wp-content\/uploads\/2025\/01\/B9536_room1_1800x1800-60x40.webp 60w\" sizes=\"(max-width: 1385px) 100vw, 1385px\" \/><\/noscript><\/p>\n<p>Les tapis en peau de vache peuvent \u00eatre utilis\u00e9s dans toutes les pi\u00e8ces de la maison, du salon \u00e0 la chambre \u00e0 coucher. De nombreux clients posent plusieurs couches de tapis et les accrochent m\u00eame au mur.<\/p>\n<p><img decoding=\"async\" class=\"wp-image-5512 size-medium alignleft lazyload\" data-src=\"http:\/\/cowkobe.com\/wp-content\/uploads\/2025\/01\/91c724ZpO1L._AC_SX679_-300x300.jpg\" alt=\"\" width=\"300\" height=\"300\" data-srcset=\"https:\/\/cowkobe.com\/wp-content\/uploads\/2025\/01\/91c724ZpO1L._AC_SX679_-300x300.jpg 300w, https:\/\/cowkobe.com\/wp-content\/uploads\/2025\/01\/91c724ZpO1L._AC_SX679_-302x302.jpg 302w, https:\/\/cowkobe.com\/wp-content\/uploads\/2025\/01\/91c724ZpO1L._AC_SX679_-100x100.jpg 100w, https:\/\/cowkobe.com\/wp-content\/uploads\/2025\/01\/91c724ZpO1L._AC_SX679_-150x150.jpg 150w, https:\/\/cowkobe.com\/wp-content\/uploads\/2025\/01\/91c724ZpO1L._AC_SX679_-12x12.jpg 12w, https:\/\/cowkobe.com\/wp-content\/uploads\/2025\/01\/91c724ZpO1L._AC_SX679_-370x370.jpg 370w, https:\/\/cowkobe.com\/wp-content\/uploads\/2025\/01\/91c724ZpO1L._AC_SX679_-600x600.jpg 600w, https:\/\/cowkobe.com\/wp-content\/uploads\/2025\/01\/91c724ZpO1L._AC_SX679_-50x50.jpg 50w, https:\/\/cowkobe.com\/wp-content\/uploads\/2025\/01\/91c724ZpO1L._AC_SX679_-40x40.jpg 40w, https:\/\/cowkobe.com\/wp-content\/uploads\/2025\/01\/91c724ZpO1L._AC_SX679_.jpg 679w\" data-sizes=\"(max-width: 300px) 100vw, 300px\" src=\"data:image\/gif;base64,R0lGODlhAQABAAAAACH5BAEKAAEALAAAAAABAAEAAAICTAEAOw==\" style=\"--smush-placeholder-width: 300px; --smush-placeholder-aspect-ratio: 300\/300;\" \/><noscript><img decoding=\"async\" class=\"wp-image-5512 size-medium alignleft\" src=\"http:\/\/cowkobe.com\/wp-content\/uploads\/2025\/01\/91c724ZpO1L._AC_SX679_-300x300.jpg\" alt=\"\" width=\"300\" height=\"300\" srcset=\"https:\/\/cowkobe.com\/wp-content\/uploads\/2025\/01\/91c724ZpO1L._AC_SX679_-300x300.jpg 300w, https:\/\/cowkobe.com\/wp-content\/uploads\/2025\/01\/91c724ZpO1L._AC_SX679_-302x302.jpg 302w, https:\/\/cowkobe.com\/wp-content\/uploads\/2025\/01\/91c724ZpO1L._AC_SX679_-100x100.jpg 100w, https:\/\/cowkobe.com\/wp-content\/uploads\/2025\/01\/91c724ZpO1L._AC_SX679_-150x150.jpg 150w, https:\/\/cowkobe.com\/wp-content\/uploads\/2025\/01\/91c724ZpO1L._AC_SX679_-12x12.jpg 12w, https:\/\/cowkobe.com\/wp-content\/uploads\/2025\/01\/91c724ZpO1L._AC_SX679_-370x370.jpg 370w, https:\/\/cowkobe.com\/wp-content\/uploads\/2025\/01\/91c724ZpO1L._AC_SX679_-600x600.jpg 600w, https:\/\/cowkobe.com\/wp-content\/uploads\/2025\/01\/91c724ZpO1L._AC_SX679_-50x50.jpg 50w, https:\/\/cowkobe.com\/wp-content\/uploads\/2025\/01\/91c724ZpO1L._AC_SX679_-40x40.jpg 40w, https:\/\/cowkobe.com\/wp-content\/uploads\/2025\/01\/91c724ZpO1L._AC_SX679_.jpg 679w\" sizes=\"(max-width: 300px) 100vw, 300px\" \/><\/noscript>\u00a0 \u00a0<img loading=\"lazy\" decoding=\"async\" class=\"wp-image-5510 size-medium alignleft lazyload\" data-src=\"http:\/\/cowkobe.com\/wp-content\/uploads\/2025\/01\/81cDJnPDStL._AC_SX679_-1-300x300.jpg\" alt=\"\" width=\"300\" height=\"300\" data-srcset=\"https:\/\/cowkobe.com\/wp-content\/uploads\/2025\/01\/81cDJnPDStL._AC_SX679_-1-300x300.jpg 300w, https:\/\/cowkobe.com\/wp-content\/uploads\/2025\/01\/81cDJnPDStL._AC_SX679_-1-302x302.jpg 302w, https:\/\/cowkobe.com\/wp-content\/uploads\/2025\/01\/81cDJnPDStL._AC_SX679_-1-100x100.jpg 100w, https:\/\/cowkobe.com\/wp-content\/uploads\/2025\/01\/81cDJnPDStL._AC_SX679_-1-150x150.jpg 150w, https:\/\/cowkobe.com\/wp-content\/uploads\/2025\/01\/81cDJnPDStL._AC_SX679_-1-12x12.jpg 12w, https:\/\/cowkobe.com\/wp-content\/uploads\/2025\/01\/81cDJnPDStL._AC_SX679_-1-370x370.jpg 370w, https:\/\/cowkobe.com\/wp-content\/uploads\/2025\/01\/81cDJnPDStL._AC_SX679_-1-600x600.jpg 600w, https:\/\/cowkobe.com\/wp-content\/uploads\/2025\/01\/81cDJnPDStL._AC_SX679_-1-50x50.jpg 50w, https:\/\/cowkobe.com\/wp-content\/uploads\/2025\/01\/81cDJnPDStL._AC_SX679_-1-40x40.jpg 40w, https:\/\/cowkobe.com\/wp-content\/uploads\/2025\/01\/81cDJnPDStL._AC_SX679_-1.jpg 679w\" data-sizes=\"(max-width: 300px) 100vw, 300px\" src=\"data:image\/gif;base64,R0lGODlhAQABAAAAACH5BAEKAAEALAAAAAABAAEAAAICTAEAOw==\" style=\"--smush-placeholder-width: 300px; --smush-placeholder-aspect-ratio: 300\/300;\" \/><noscript><img loading=\"lazy\" decoding=\"async\" class=\"wp-image-5510 size-medium alignleft\" src=\"http:\/\/cowkobe.com\/wp-content\/uploads\/2025\/01\/81cDJnPDStL._AC_SX679_-1-300x300.jpg\" alt=\"\" width=\"300\" height=\"300\" srcset=\"https:\/\/cowkobe.com\/wp-content\/uploads\/2025\/01\/81cDJnPDStL._AC_SX679_-1-300x300.jpg 300w, https:\/\/cowkobe.com\/wp-content\/uploads\/2025\/01\/81cDJnPDStL._AC_SX679_-1-302x302.jpg 302w, https:\/\/cowkobe.com\/wp-content\/uploads\/2025\/01\/81cDJnPDStL._AC_SX679_-1-100x100.jpg 100w, https:\/\/cowkobe.com\/wp-content\/uploads\/2025\/01\/81cDJnPDStL._AC_SX679_-1-150x150.jpg 150w, https:\/\/cowkobe.com\/wp-content\/uploads\/2025\/01\/81cDJnPDStL._AC_SX679_-1-12x12.jpg 12w, https:\/\/cowkobe.com\/wp-content\/uploads\/2025\/01\/81cDJnPDStL._AC_SX679_-1-370x370.jpg 370w, https:\/\/cowkobe.com\/wp-content\/uploads\/2025\/01\/81cDJnPDStL._AC_SX679_-1-600x600.jpg 600w, https:\/\/cowkobe.com\/wp-content\/uploads\/2025\/01\/81cDJnPDStL._AC_SX679_-1-50x50.jpg 50w, https:\/\/cowkobe.com\/wp-content\/uploads\/2025\/01\/81cDJnPDStL._AC_SX679_-1-40x40.jpg 40w, https:\/\/cowkobe.com\/wp-content\/uploads\/2025\/01\/81cDJnPDStL._AC_SX679_-1.jpg 679w\" sizes=\"(max-width: 300px) 100vw, 300px\" \/><\/noscript><img loading=\"lazy\" decoding=\"async\" class=\"wp-image-5511 size-medium alignleft lazyload\" data-src=\"http:\/\/cowkobe.com\/wp-content\/uploads\/2025\/01\/81i13Ic1pCL._AC_SX679_-300x300.jpg\" alt=\"\" width=\"300\" height=\"300\" data-srcset=\"https:\/\/cowkobe.com\/wp-content\/uploads\/2025\/01\/81i13Ic1pCL._AC_SX679_-300x300.jpg 300w, https:\/\/cowkobe.com\/wp-content\/uploads\/2025\/01\/81i13Ic1pCL._AC_SX679_-302x302.jpg 302w, https:\/\/cowkobe.com\/wp-content\/uploads\/2025\/01\/81i13Ic1pCL._AC_SX679_-100x100.jpg 100w, https:\/\/cowkobe.com\/wp-content\/uploads\/2025\/01\/81i13Ic1pCL._AC_SX679_-150x150.jpg 150w, https:\/\/cowkobe.com\/wp-content\/uploads\/2025\/01\/81i13Ic1pCL._AC_SX679_-12x12.jpg 12w, https:\/\/cowkobe.com\/wp-content\/uploads\/2025\/01\/81i13Ic1pCL._AC_SX679_-370x370.jpg 370w, https:\/\/cowkobe.com\/wp-content\/uploads\/2025\/01\/81i13Ic1pCL._AC_SX679_-600x600.jpg 600w, https:\/\/cowkobe.com\/wp-content\/uploads\/2025\/01\/81i13Ic1pCL._AC_SX679_-50x50.jpg 50w, https:\/\/cowkobe.com\/wp-content\/uploads\/2025\/01\/81i13Ic1pCL._AC_SX679_-40x40.jpg 40w, https:\/\/cowkobe.com\/wp-content\/uploads\/2025\/01\/81i13Ic1pCL._AC_SX679_.jpg 679w\" data-sizes=\"(max-width: 300px) 100vw, 300px\" src=\"data:image\/gif;base64,R0lGODlhAQABAAAAACH5BAEKAAEALAAAAAABAAEAAAICTAEAOw==\" style=\"--smush-placeholder-width: 300px; --smush-placeholder-aspect-ratio: 300\/300;\" \/><noscript><img loading=\"lazy\" decoding=\"async\" class=\"wp-image-5511 size-medium alignleft\" src=\"http:\/\/cowkobe.com\/wp-content\/uploads\/2025\/01\/81i13Ic1pCL._AC_SX679_-300x300.jpg\" alt=\"\" width=\"300\" height=\"300\" srcset=\"https:\/\/cowkobe.com\/wp-content\/uploads\/2025\/01\/81i13Ic1pCL._AC_SX679_-300x300.jpg 300w, https:\/\/cowkobe.com\/wp-content\/uploads\/2025\/01\/81i13Ic1pCL._AC_SX679_-302x302.jpg 302w, https:\/\/cowkobe.com\/wp-content\/uploads\/2025\/01\/81i13Ic1pCL._AC_SX679_-100x100.jpg 100w, https:\/\/cowkobe.com\/wp-content\/uploads\/2025\/01\/81i13Ic1pCL._AC_SX679_-150x150.jpg 150w, https:\/\/cowkobe.com\/wp-content\/uploads\/2025\/01\/81i13Ic1pCL._AC_SX679_-12x12.jpg 12w, https:\/\/cowkobe.com\/wp-content\/uploads\/2025\/01\/81i13Ic1pCL._AC_SX679_-370x370.jpg 370w, https:\/\/cowkobe.com\/wp-content\/uploads\/2025\/01\/81i13Ic1pCL._AC_SX679_-600x600.jpg 600w, https:\/\/cowkobe.com\/wp-content\/uploads\/2025\/01\/81i13Ic1pCL._AC_SX679_-50x50.jpg 50w, https:\/\/cowkobe.com\/wp-content\/uploads\/2025\/01\/81i13Ic1pCL._AC_SX679_-40x40.jpg 40w, https:\/\/cowkobe.com\/wp-content\/uploads\/2025\/01\/81i13Ic1pCL._AC_SX679_.jpg 679w\" sizes=\"(max-width: 300px) 100vw, 300px\" \/><\/noscript><\/p>\n<p>&nbsp;<\/p>\n<p>&nbsp;<\/p>\n<p>&nbsp;<\/p>\n<p>&nbsp;<\/p>\n<p>&nbsp;<\/p>\n<p>&nbsp;<\/p>\n<p>&nbsp;<\/p>\n<p>100 % LEATHER : Cuir de vachette v\u00e9ritable au toucher unique et de qualit\u00e9 sup\u00e9rieure. Nos tapis en cuir de vachette sont d'une \u00e9l\u00e9gance intemporelle et font passer votre int\u00e9rieur \u00e0 la vitesse sup\u00e9rieure. D\u00e9couvrez la beaut\u00e9 de la nature dans chaque centim\u00e8tre du tapis, ajoutant chaleur, caract\u00e8re et charme \u00e0 votre espace.<\/p>\n<p>Chaque tapis en peau de vache est unique en raison des variations naturelles de motifs et de couleurs.<\/p>\n<p><img loading=\"lazy\" decoding=\"async\" class=\"wp-image-5506 size-full aligncenter lazyload\" data-src=\"http:\/\/cowkobe.com\/wp-content\/uploads\/2025\/01\/1-1.jpg\" alt=\"\" width=\"1200\" height=\"1200\" data-srcset=\"https:\/\/cowkobe.com\/wp-content\/uploads\/2025\/01\/1-1.jpg 1200w, https:\/\/cowkobe.com\/wp-content\/uploads\/2025\/01\/1-1-302x302.jpg 302w, https:\/\/cowkobe.com\/wp-content\/uploads\/2025\/01\/1-1-100x100.jpg 100w, https:\/\/cowkobe.com\/wp-content\/uploads\/2025\/01\/1-1-800x800.jpg 800w, https:\/\/cowkobe.com\/wp-content\/uploads\/2025\/01\/1-1-300x300.jpg 300w, https:\/\/cowkobe.com\/wp-content\/uploads\/2025\/01\/1-1-1024x1024.jpg 1024w, https:\/\/cowkobe.com\/wp-content\/uploads\/2025\/01\/1-1-150x150.jpg 150w, https:\/\/cowkobe.com\/wp-content\/uploads\/2025\/01\/1-1-768x768.jpg 768w, https:\/\/cowkobe.com\/wp-content\/uploads\/2025\/01\/1-1-12x12.jpg 12w, https:\/\/cowkobe.com\/wp-content\/uploads\/2025\/01\/1-1-370x370.jpg 370w, https:\/\/cowkobe.com\/wp-content\/uploads\/2025\/01\/1-1-50x50.jpg 50w, https:\/\/cowkobe.com\/wp-content\/uploads\/2025\/01\/1-1-40x40.jpg 40w\" data-sizes=\"(max-width: 1200px) 100vw, 1200px\" src=\"data:image\/gif;base64,R0lGODlhAQABAAAAACH5BAEKAAEALAAAAAABAAEAAAICTAEAOw==\" style=\"--smush-placeholder-width: 1200px; --smush-placeholder-aspect-ratio: 1200\/1200;\" \/><noscript><img loading=\"lazy\" decoding=\"async\" class=\"wp-image-5506 size-full aligncenter\" src=\"http:\/\/cowkobe.com\/wp-content\/uploads\/2025\/01\/1-1.jpg\" alt=\"\" width=\"1200\" height=\"1200\" srcset=\"https:\/\/cowkobe.com\/wp-content\/uploads\/2025\/01\/1-1.jpg 1200w, https:\/\/cowkobe.com\/wp-content\/uploads\/2025\/01\/1-1-302x302.jpg 302w, https:\/\/cowkobe.com\/wp-content\/uploads\/2025\/01\/1-1-100x100.jpg 100w, https:\/\/cowkobe.com\/wp-content\/uploads\/2025\/01\/1-1-800x800.jpg 800w, https:\/\/cowkobe.com\/wp-content\/uploads\/2025\/01\/1-1-300x300.jpg 300w, https:\/\/cowkobe.com\/wp-content\/uploads\/2025\/01\/1-1-1024x1024.jpg 1024w, https:\/\/cowkobe.com\/wp-content\/uploads\/2025\/01\/1-1-150x150.jpg 150w, https:\/\/cowkobe.com\/wp-content\/uploads\/2025\/01\/1-1-768x768.jpg 768w, https:\/\/cowkobe.com\/wp-content\/uploads\/2025\/01\/1-1-12x12.jpg 12w, https:\/\/cowkobe.com\/wp-content\/uploads\/2025\/01\/1-1-370x370.jpg 370w, https:\/\/cowkobe.com\/wp-content\/uploads\/2025\/01\/1-1-50x50.jpg 50w, https:\/\/cowkobe.com\/wp-content\/uploads\/2025\/01\/1-1-40x40.jpg 40w\" sizes=\"(max-width: 1200px) 100vw, 1200px\" \/><\/noscript><\/p>\n<p>100% Authentique peau de vache d'Am\u00e9rique du Sud<br \/>\nMotif naturel unique - Il n'y a pas deux tapis identiques<br \/>\nDoux, durable et sans cisaillement<br \/>\nParfait pour le salon, la chambre ou le bureau<br \/>\nSupport antid\u00e9rapant en daim pour plus de stabilit\u00e9<\/p>\n<p>Au fil des ans, nous sommes rest\u00e9s fid\u00e8les \u00e0 notre objectif de haute qualit\u00e9. Gr\u00e2ce \u00e0 leur grande durabilit\u00e9, ces tapis conviennent aux zones tr\u00e8s fr\u00e9quent\u00e9es et \u00e0 un usage quotidien, y compris dans les maisons o\u00f9 vivent des animaux domestiques ou des enfants. Faciles \u00e0 nettoyer, ces tapis en cuir de vache resteront beaux pendant des ann\u00e9es.<\/p>\n<p><img loading=\"lazy\" decoding=\"async\" class=\"aligncenter wp-image-5503 size-full lazyload\" data-src=\"http:\/\/cowkobe.com\/wp-content\/uploads\/2025\/01\/23.jpg\" alt=\"\" width=\"800\" height=\"800\" data-srcset=\"https:\/\/cowkobe.com\/wp-content\/uploads\/2025\/01\/23.jpg 800w, https:\/\/cowkobe.com\/wp-content\/uploads\/2025\/01\/23-302x302.jpg 302w, https:\/\/cowkobe.com\/wp-content\/uploads\/2025\/01\/23-100x100.jpg 100w, https:\/\/cowkobe.com\/wp-content\/uploads\/2025\/01\/23-300x300.jpg 300w, https:\/\/cowkobe.com\/wp-content\/uploads\/2025\/01\/23-150x150.jpg 150w, https:\/\/cowkobe.com\/wp-content\/uploads\/2025\/01\/23-768x768.jpg 768w, https:\/\/cowkobe.com\/wp-content\/uploads\/2025\/01\/23-12x12.jpg 12w, https:\/\/cowkobe.com\/wp-content\/uploads\/2025\/01\/23-370x370.jpg 370w, https:\/\/cowkobe.com\/wp-content\/uploads\/2025\/01\/23-600x600.jpg 600w, https:\/\/cowkobe.com\/wp-content\/uploads\/2025\/01\/23-50x50.jpg 50w, https:\/\/cowkobe.com\/wp-content\/uploads\/2025\/01\/23-40x40.jpg 40w\" data-sizes=\"(max-width: 800px) 100vw, 800px\" src=\"data:image\/gif;base64,R0lGODlhAQABAAAAACH5BAEKAAEALAAAAAABAAEAAAICTAEAOw==\" style=\"--smush-placeholder-width: 800px; --smush-placeholder-aspect-ratio: 800\/800;\" \/><noscript><img loading=\"lazy\" decoding=\"async\" class=\"aligncenter wp-image-5503 size-full\" src=\"http:\/\/cowkobe.com\/wp-content\/uploads\/2025\/01\/23.jpg\" alt=\"\" width=\"800\" height=\"800\" srcset=\"https:\/\/cowkobe.com\/wp-content\/uploads\/2025\/01\/23.jpg 800w, https:\/\/cowkobe.com\/wp-content\/uploads\/2025\/01\/23-302x302.jpg 302w, https:\/\/cowkobe.com\/wp-content\/uploads\/2025\/01\/23-100x100.jpg 100w, https:\/\/cowkobe.com\/wp-content\/uploads\/2025\/01\/23-300x300.jpg 300w, https:\/\/cowkobe.com\/wp-content\/uploads\/2025\/01\/23-150x150.jpg 150w, https:\/\/cowkobe.com\/wp-content\/uploads\/2025\/01\/23-768x768.jpg 768w, https:\/\/cowkobe.com\/wp-content\/uploads\/2025\/01\/23-12x12.jpg 12w, https:\/\/cowkobe.com\/wp-content\/uploads\/2025\/01\/23-370x370.jpg 370w, https:\/\/cowkobe.com\/wp-content\/uploads\/2025\/01\/23-600x600.jpg 600w, https:\/\/cowkobe.com\/wp-content\/uploads\/2025\/01\/23-50x50.jpg 50w, https:\/\/cowkobe.com\/wp-content\/uploads\/2025\/01\/23-40x40.jpg 40w\" sizes=\"(max-width: 800px) 100vw, 800px\" \/><\/noscript><\/p>\n<p><img loading=\"lazy\" decoding=\"async\" class=\"wp-image-5494 size-full aligncenter lazyload\" data-src=\"http:\/\/cowkobe.com\/wp-content\/uploads\/2025\/01\/1.jpg\" alt=\"\" width=\"800\" height=\"800\" data-srcset=\"https:\/\/cowkobe.com\/wp-content\/uploads\/2025\/01\/1.jpg 800w, https:\/\/cowkobe.com\/wp-content\/uploads\/2025\/01\/1-302x302.jpg 302w, https:\/\/cowkobe.com\/wp-content\/uploads\/2025\/01\/1-100x100.jpg 100w, https:\/\/cowkobe.com\/wp-content\/uploads\/2025\/01\/1-300x300.jpg 300w, https:\/\/cowkobe.com\/wp-content\/uploads\/2025\/01\/1-150x150.jpg 150w, https:\/\/cowkobe.com\/wp-content\/uploads\/2025\/01\/1-768x768.jpg 768w, https:\/\/cowkobe.com\/wp-content\/uploads\/2025\/01\/1-12x12.jpg 12w, https:\/\/cowkobe.com\/wp-content\/uploads\/2025\/01\/1-370x370.jpg 370w, https:\/\/cowkobe.com\/wp-content\/uploads\/2025\/01\/1-600x600.jpg 600w, https:\/\/cowkobe.com\/wp-content\/uploads\/2025\/01\/1-50x50.jpg 50w, https:\/\/cowkobe.com\/wp-content\/uploads\/2025\/01\/1-40x40.jpg 40w\" data-sizes=\"(max-width: 800px) 100vw, 800px\" src=\"data:image\/gif;base64,R0lGODlhAQABAAAAACH5BAEKAAEALAAAAAABAAEAAAICTAEAOw==\" style=\"--smush-placeholder-width: 800px; --smush-placeholder-aspect-ratio: 800\/800;\" \/><noscript><img loading=\"lazy\" decoding=\"async\" class=\"wp-image-5494 size-full aligncenter\" src=\"http:\/\/cowkobe.com\/wp-content\/uploads\/2025\/01\/1.jpg\" alt=\"\" width=\"800\" height=\"800\" srcset=\"https:\/\/cowkobe.com\/wp-content\/uploads\/2025\/01\/1.jpg 800w, https:\/\/cowkobe.com\/wp-content\/uploads\/2025\/01\/1-302x302.jpg 302w, https:\/\/cowkobe.com\/wp-content\/uploads\/2025\/01\/1-100x100.jpg 100w, https:\/\/cowkobe.com\/wp-content\/uploads\/2025\/01\/1-300x300.jpg 300w, https:\/\/cowkobe.com\/wp-content\/uploads\/2025\/01\/1-150x150.jpg 150w, https:\/\/cowkobe.com\/wp-content\/uploads\/2025\/01\/1-768x768.jpg 768w, https:\/\/cowkobe.com\/wp-content\/uploads\/2025\/01\/1-12x12.jpg 12w, https:\/\/cowkobe.com\/wp-content\/uploads\/2025\/01\/1-370x370.jpg 370w, https:\/\/cowkobe.com\/wp-content\/uploads\/2025\/01\/1-600x600.jpg 600w, https:\/\/cowkobe.com\/wp-content\/uploads\/2025\/01\/1-50x50.jpg 50w, https:\/\/cowkobe.com\/wp-content\/uploads\/2025\/01\/1-40x40.jpg 40w\" sizes=\"(max-width: 800px) 100vw, 800px\" \/><\/noscript><\/p>\n<p><img loading=\"lazy\" decoding=\"async\" class=\"aligncenter wp-image-5501 size-full lazyload\" data-src=\"http:\/\/cowkobe.com\/wp-content\/uploads\/2025\/01\/13.jpg\" alt=\"\" width=\"800\" height=\"800\" data-srcset=\"https:\/\/cowkobe.com\/wp-content\/uploads\/2025\/01\/13.jpg 800w, https:\/\/cowkobe.com\/wp-content\/uploads\/2025\/01\/13-302x302.jpg 302w, https:\/\/cowkobe.com\/wp-content\/uploads\/2025\/01\/13-100x100.jpg 100w, https:\/\/cowkobe.com\/wp-content\/uploads\/2025\/01\/13-300x300.jpg 300w, https:\/\/cowkobe.com\/wp-content\/uploads\/2025\/01\/13-150x150.jpg 150w, https:\/\/cowkobe.com\/wp-content\/uploads\/2025\/01\/13-768x768.jpg 768w, https:\/\/cowkobe.com\/wp-content\/uploads\/2025\/01\/13-12x12.jpg 12w, https:\/\/cowkobe.com\/wp-content\/uploads\/2025\/01\/13-370x370.jpg 370w, https:\/\/cowkobe.com\/wp-content\/uploads\/2025\/01\/13-600x600.jpg 600w, https:\/\/cowkobe.com\/wp-content\/uploads\/2025\/01\/13-50x50.jpg 50w, https:\/\/cowkobe.com\/wp-content\/uploads\/2025\/01\/13-40x40.jpg 40w\" data-sizes=\"(max-width: 800px) 100vw, 800px\" src=\"data:image\/gif;base64,R0lGODlhAQABAAAAACH5BAEKAAEALAAAAAABAAEAAAICTAEAOw==\" style=\"--smush-placeholder-width: 800px; --smush-placeholder-aspect-ratio: 800\/800;\" \/><noscript><img loading=\"lazy\" decoding=\"async\" class=\"aligncenter wp-image-5501 size-full\" src=\"http:\/\/cowkobe.com\/wp-content\/uploads\/2025\/01\/13.jpg\" alt=\"\" width=\"800\" height=\"800\" srcset=\"https:\/\/cowkobe.com\/wp-content\/uploads\/2025\/01\/13.jpg 800w, https:\/\/cowkobe.com\/wp-content\/uploads\/2025\/01\/13-302x302.jpg 302w, https:\/\/cowkobe.com\/wp-content\/uploads\/2025\/01\/13-100x100.jpg 100w, https:\/\/cowkobe.com\/wp-content\/uploads\/2025\/01\/13-300x300.jpg 300w, https:\/\/cowkobe.com\/wp-content\/uploads\/2025\/01\/13-150x150.jpg 150w, https:\/\/cowkobe.com\/wp-content\/uploads\/2025\/01\/13-768x768.jpg 768w, https:\/\/cowkobe.com\/wp-content\/uploads\/2025\/01\/13-12x12.jpg 12w, https:\/\/cowkobe.com\/wp-content\/uploads\/2025\/01\/13-370x370.jpg 370w, https:\/\/cowkobe.com\/wp-content\/uploads\/2025\/01\/13-600x600.jpg 600w, https:\/\/cowkobe.com\/wp-content\/uploads\/2025\/01\/13-50x50.jpg 50w, https:\/\/cowkobe.com\/wp-content\/uploads\/2025\/01\/13-40x40.jpg 40w\" sizes=\"(max-width: 800px) 100vw, 800px\" \/><\/noscript><\/p>\n<p>&nbsp;<\/p>\n<p>&nbsp;<\/p>\n<p>D\u00e9couvrez la beaut\u00e9 intemporelle du cuir de vache v\u00e9ritable !<\/p>\n<p>&nbsp;<\/p>","protected":false},"excerpt":{"rendered":"<p>One Of The Best Finishing Touches To Make Your Room Look New Over 75,000 homes use our products and counting! Purchase direct to get showroom quality and a designer look! Join some of the most high-end designers and thousands of customers who rely on our rugs every day. Add a touch of sophistication and natural&hellip;<\/p>","protected":false},"featured_media":5506,"comment_status":"open","ping_status":"closed","template":"","meta":[],"product_cat":[25,738,229],"product_tag":[],"class_list":{"0":"post-5504","1":"product","2":"type-product","3":"status-publish","4":"has-post-thumbnail","6":"product_cat-rugs","7":"product_cat-natural-cowhide-rug","8":"product_cat-leather-cowhide","10":"first","11":"instock","12":"taxable","13":"shipping-taxable","14":"purchasable","15":"product-type-simple","16":"col-xs-6 col-sm-4","17":"col-md-3 col-lg-3","18":"un-4-cols"},"_links":{"self":[{"href":"https:\/\/cowkobe.com\/fr\/wp-json\/wp\/v2\/product\/5504","targetHints":{"allow":["GET"]}}],"collection":[{"href":"https:\/\/cowkobe.com\/fr\/wp-json\/wp\/v2\/product"}],"about":[{"href":"https:\/\/cowkobe.com\/fr\/wp-json\/wp\/v2\/types\/product"}],"replies":[{"embeddable":true,"href":"https:\/\/cowkobe.com\/fr\/wp-json\/wp\/v2\/comments?post=5504"}],"wp:featuredmedia":[{"embeddable":true,"href":"https:\/\/cowkobe.com\/fr\/wp-json\/wp\/v2\/media\/5506"}],"wp:attachment":[{"href":"https:\/\/cowkobe.com\/fr\/wp-json\/wp\/v2\/media?parent=5504"}],"wp:term":[{"taxonomy":"product_cat","embeddable":true,"href":"https:\/\/cowkobe.com\/fr\/wp-json\/wp\/v2\/product_cat?post=5504"},{"taxonomy":"product_tag","embeddable":true,"href":"https:\/\/cowkobe.com\/fr\/wp-json\/wp\/v2\/product_tag?post=5504"}],"curies":[{"name":"wp","href":"https:\/\/api.w.org\/{rel}","templated":true}]}}