{"id":9126,"date":"2025-06-11T07:18:41","date_gmt":"2025-06-11T07:18:41","guid":{"rendered":"https:\/\/cowkobe.com\/?post_type=product&#038;p=9126"},"modified":"2025-07-25T03:10:31","modified_gmt":"2025-07-25T03:10:31","slug":"cowhide-patchwork-rugbeige-leather-rectangle-cowhide-rug-western-home-decor-area-non-slip-floor-carpet-patchwork-leather-carpet-for-living-roombedroomentrance-door","status":"publish","type":"product","link":"https:\/\/cowkobe.com\/fr\/produit\/cowhide-patchwork-rugbeige-leather-rectangle-cowhide-rug-western-home-decor-area-non-slip-floor-carpet-patchwork-leather-carpet-for-living-roombedroomentrance-door\/","title":{"rendered":"Tapis patchwork en cuir de vachette,Tapis rectangulaire en cuir de vachette beige Tapis de sol antid\u00e9rapant Tapis patchwork en cuir pour le salon, la chambre \u00e0 coucher, la porte d'entr\u00e9e"},"content":{"rendered":"<h2 style=\"text-align: center;\"><span style=\"color: #000000;\">100 % CUIR<\/span><\/h2>\n<h2>Cuir de vachette v\u00e9ritable au toucher et \u00e0 la sensation uniques et de qualit\u00e9 sup\u00e9rieure. Nos tapis en cuir de vachette sont d'une \u00e9l\u00e9gance intemporelle et conf\u00e8rent \u00e0 votre int\u00e9rieur une dimension suppl\u00e9mentaire. D\u00e9couvrez la beaut\u00e9 de la nature dans chaque centim\u00e8tre du tapis, ajoutant chaleur, caract\u00e8re et charme \u00e0 votre espace.<\/h2>\n<p><img fetchpriority=\"high\" decoding=\"async\" class=\"aligncenter wp-image-9079 size-full\" src=\"http:\/\/cowkobe.com\/wp-content\/uploads\/2025\/06\/24.jpg\" alt=\"\" width=\"2000\" height=\"2000\" srcset=\"https:\/\/cowkobe.com\/wp-content\/uploads\/2025\/06\/24.jpg 2000w, https:\/\/cowkobe.com\/wp-content\/uploads\/2025\/06\/24-300x300.jpg 300w, https:\/\/cowkobe.com\/wp-content\/uploads\/2025\/06\/24-1024x1024.jpg 1024w, https:\/\/cowkobe.com\/wp-content\/uploads\/2025\/06\/24-150x150.jpg 150w, https:\/\/cowkobe.com\/wp-content\/uploads\/2025\/06\/24-768x768.jpg 768w, https:\/\/cowkobe.com\/wp-content\/uploads\/2025\/06\/24-1536x1536.jpg 1536w, https:\/\/cowkobe.com\/wp-content\/uploads\/2025\/06\/24-12x12.jpg 12w, https:\/\/cowkobe.com\/wp-content\/uploads\/2025\/06\/24-370x370.jpg 370w, https:\/\/cowkobe.com\/wp-content\/uploads\/2025\/06\/24-302x302.jpg 302w, https:\/\/cowkobe.com\/wp-content\/uploads\/2025\/06\/24-800x800.jpg 800w, https:\/\/cowkobe.com\/wp-content\/uploads\/2025\/06\/24-100x100.jpg 100w, https:\/\/cowkobe.com\/wp-content\/uploads\/2025\/06\/24-50x50.jpg 50w, https:\/\/cowkobe.com\/wp-content\/uploads\/2025\/06\/24-40x40.jpg 40w\" sizes=\"(max-width: 2000px) 100vw, 2000px\" \/><\/p>\n<h3 style=\"text-align: center;\" data-start=\"226\" data-end=\"620\"><em>Fabriqu\u00e9 \u00e0 partir de peau de vache authentique soigneusement s\u00e9lectionn\u00e9e, ce tapis patchwork est un m\u00e9lange \u00e9tonnant de savoir-faire artisanal et de design moderne. Chaque pi\u00e8ce est unique et met en valeur les textures et les tons naturels de la peau v\u00e9ritable. Durable et \u00e9l\u00e9gant, il s'int\u00e8gre \u00e0 un large \u00e9ventail de styles d'int\u00e9rieur, du minimalisme scandinave au chic industriel. Parfait pour les sols ou comme suspension murale.<\/em><\/h3>\n<p><img decoding=\"async\" class=\"aligncenter wp-image-9080 size-full lazyload\" data-src=\"http:\/\/cowkobe.com\/wp-content\/uploads\/2025\/06\/25.jpg\" alt=\"\" width=\"2000\" height=\"2000\" data-srcset=\"https:\/\/cowkobe.com\/wp-content\/uploads\/2025\/06\/25.jpg 2000w, https:\/\/cowkobe.com\/wp-content\/uploads\/2025\/06\/25-300x300.jpg 300w, https:\/\/cowkobe.com\/wp-content\/uploads\/2025\/06\/25-1024x1024.jpg 1024w, https:\/\/cowkobe.com\/wp-content\/uploads\/2025\/06\/25-150x150.jpg 150w, https:\/\/cowkobe.com\/wp-content\/uploads\/2025\/06\/25-768x768.jpg 768w, https:\/\/cowkobe.com\/wp-content\/uploads\/2025\/06\/25-1536x1536.jpg 1536w, https:\/\/cowkobe.com\/wp-content\/uploads\/2025\/06\/25-12x12.jpg 12w, https:\/\/cowkobe.com\/wp-content\/uploads\/2025\/06\/25-370x370.jpg 370w, https:\/\/cowkobe.com\/wp-content\/uploads\/2025\/06\/25-302x302.jpg 302w, https:\/\/cowkobe.com\/wp-content\/uploads\/2025\/06\/25-800x800.jpg 800w, https:\/\/cowkobe.com\/wp-content\/uploads\/2025\/06\/25-100x100.jpg 100w, https:\/\/cowkobe.com\/wp-content\/uploads\/2025\/06\/25-50x50.jpg 50w, https:\/\/cowkobe.com\/wp-content\/uploads\/2025\/06\/25-40x40.jpg 40w\" data-sizes=\"(max-width: 2000px) 100vw, 2000px\" src=\"data:image\/gif;base64,R0lGODlhAQABAAAAACH5BAEKAAEALAAAAAABAAEAAAICTAEAOw==\" style=\"--smush-placeholder-width: 2000px; --smush-placeholder-aspect-ratio: 2000\/2000;\" \/><noscript><img decoding=\"async\" class=\"aligncenter wp-image-9080 size-full\" src=\"http:\/\/cowkobe.com\/wp-content\/uploads\/2025\/06\/25.jpg\" alt=\"\" width=\"2000\" height=\"2000\" srcset=\"https:\/\/cowkobe.com\/wp-content\/uploads\/2025\/06\/25.jpg 2000w, https:\/\/cowkobe.com\/wp-content\/uploads\/2025\/06\/25-300x300.jpg 300w, https:\/\/cowkobe.com\/wp-content\/uploads\/2025\/06\/25-1024x1024.jpg 1024w, https:\/\/cowkobe.com\/wp-content\/uploads\/2025\/06\/25-150x150.jpg 150w, https:\/\/cowkobe.com\/wp-content\/uploads\/2025\/06\/25-768x768.jpg 768w, https:\/\/cowkobe.com\/wp-content\/uploads\/2025\/06\/25-1536x1536.jpg 1536w, https:\/\/cowkobe.com\/wp-content\/uploads\/2025\/06\/25-12x12.jpg 12w, https:\/\/cowkobe.com\/wp-content\/uploads\/2025\/06\/25-370x370.jpg 370w, https:\/\/cowkobe.com\/wp-content\/uploads\/2025\/06\/25-302x302.jpg 302w, https:\/\/cowkobe.com\/wp-content\/uploads\/2025\/06\/25-800x800.jpg 800w, https:\/\/cowkobe.com\/wp-content\/uploads\/2025\/06\/25-100x100.jpg 100w, https:\/\/cowkobe.com\/wp-content\/uploads\/2025\/06\/25-50x50.jpg 50w, https:\/\/cowkobe.com\/wp-content\/uploads\/2025\/06\/25-40x40.jpg 40w\" sizes=\"(max-width: 2000px) 100vw, 2000px\" \/><\/noscript><\/p>\n<p style=\"text-align: center;\">Chaque point, une histoire\uff01<\/p>\n<p style=\"text-align: center;\">Le pr\u00e9sent <strong data-start=\"564\" data-end=\"589\">Tapis patchwork en peau de vache<\/strong> n'est pas seulement esth\u00e9tique, il est aussi durable et facile \u00e0 entretenir. Son support en daim antid\u00e9rapant assure sa stabilit\u00e9 sur les sols en bois dur ou en carrelage, ce qui en fait un choix pratique pour les zones tr\u00e8s fr\u00e9quent\u00e9es telles que les salons, les entr\u00e9es ou les bureaux \u00e0 domicile.<\/p>\n<p><img decoding=\"async\" class=\"aligncenter wp-image-9081 size-full lazyload\" data-src=\"http:\/\/cowkobe.com\/wp-content\/uploads\/2025\/06\/26.jpg\" alt=\"\" width=\"2000\" height=\"2000\" data-srcset=\"https:\/\/cowkobe.com\/wp-content\/uploads\/2025\/06\/26.jpg 2000w, https:\/\/cowkobe.com\/wp-content\/uploads\/2025\/06\/26-300x300.jpg 300w, https:\/\/cowkobe.com\/wp-content\/uploads\/2025\/06\/26-1024x1024.jpg 1024w, https:\/\/cowkobe.com\/wp-content\/uploads\/2025\/06\/26-150x150.jpg 150w, https:\/\/cowkobe.com\/wp-content\/uploads\/2025\/06\/26-768x768.jpg 768w, https:\/\/cowkobe.com\/wp-content\/uploads\/2025\/06\/26-1536x1536.jpg 1536w, https:\/\/cowkobe.com\/wp-content\/uploads\/2025\/06\/26-12x12.jpg 12w, https:\/\/cowkobe.com\/wp-content\/uploads\/2025\/06\/26-370x370.jpg 370w, https:\/\/cowkobe.com\/wp-content\/uploads\/2025\/06\/26-302x302.jpg 302w, https:\/\/cowkobe.com\/wp-content\/uploads\/2025\/06\/26-800x800.jpg 800w, https:\/\/cowkobe.com\/wp-content\/uploads\/2025\/06\/26-100x100.jpg 100w, https:\/\/cowkobe.com\/wp-content\/uploads\/2025\/06\/26-50x50.jpg 50w, https:\/\/cowkobe.com\/wp-content\/uploads\/2025\/06\/26-40x40.jpg 40w\" data-sizes=\"(max-width: 2000px) 100vw, 2000px\" src=\"data:image\/gif;base64,R0lGODlhAQABAAAAACH5BAEKAAEALAAAAAABAAEAAAICTAEAOw==\" style=\"--smush-placeholder-width: 2000px; --smush-placeholder-aspect-ratio: 2000\/2000;\" \/><noscript><img decoding=\"async\" class=\"aligncenter wp-image-9081 size-full\" src=\"http:\/\/cowkobe.com\/wp-content\/uploads\/2025\/06\/26.jpg\" alt=\"\" width=\"2000\" height=\"2000\" srcset=\"https:\/\/cowkobe.com\/wp-content\/uploads\/2025\/06\/26.jpg 2000w, https:\/\/cowkobe.com\/wp-content\/uploads\/2025\/06\/26-300x300.jpg 300w, https:\/\/cowkobe.com\/wp-content\/uploads\/2025\/06\/26-1024x1024.jpg 1024w, https:\/\/cowkobe.com\/wp-content\/uploads\/2025\/06\/26-150x150.jpg 150w, https:\/\/cowkobe.com\/wp-content\/uploads\/2025\/06\/26-768x768.jpg 768w, https:\/\/cowkobe.com\/wp-content\/uploads\/2025\/06\/26-1536x1536.jpg 1536w, https:\/\/cowkobe.com\/wp-content\/uploads\/2025\/06\/26-12x12.jpg 12w, https:\/\/cowkobe.com\/wp-content\/uploads\/2025\/06\/26-370x370.jpg 370w, https:\/\/cowkobe.com\/wp-content\/uploads\/2025\/06\/26-302x302.jpg 302w, https:\/\/cowkobe.com\/wp-content\/uploads\/2025\/06\/26-800x800.jpg 800w, https:\/\/cowkobe.com\/wp-content\/uploads\/2025\/06\/26-100x100.jpg 100w, https:\/\/cowkobe.com\/wp-content\/uploads\/2025\/06\/26-50x50.jpg 50w, https:\/\/cowkobe.com\/wp-content\/uploads\/2025\/06\/26-40x40.jpg 40w\" sizes=\"(max-width: 2000px) 100vw, 2000px\" \/><\/noscript><\/p>\n<p style=\"text-align: center;\">Texture audacieuse\uff01 Patchwork intemporel\uff01<\/p>\n<p><img loading=\"lazy\" decoding=\"async\" class=\"alignnone wp-image-9082 size-full lazyload\" data-src=\"http:\/\/cowkobe.com\/wp-content\/uploads\/2025\/06\/27.jpg\" alt=\"\" width=\"2000\" height=\"2000\" data-srcset=\"https:\/\/cowkobe.com\/wp-content\/uploads\/2025\/06\/27.jpg 2000w, https:\/\/cowkobe.com\/wp-content\/uploads\/2025\/06\/27-300x300.jpg 300w, https:\/\/cowkobe.com\/wp-content\/uploads\/2025\/06\/27-1024x1024.jpg 1024w, https:\/\/cowkobe.com\/wp-content\/uploads\/2025\/06\/27-150x150.jpg 150w, https:\/\/cowkobe.com\/wp-content\/uploads\/2025\/06\/27-768x768.jpg 768w, https:\/\/cowkobe.com\/wp-content\/uploads\/2025\/06\/27-1536x1536.jpg 1536w, https:\/\/cowkobe.com\/wp-content\/uploads\/2025\/06\/27-12x12.jpg 12w, https:\/\/cowkobe.com\/wp-content\/uploads\/2025\/06\/27-370x370.jpg 370w, https:\/\/cowkobe.com\/wp-content\/uploads\/2025\/06\/27-302x302.jpg 302w, https:\/\/cowkobe.com\/wp-content\/uploads\/2025\/06\/27-800x800.jpg 800w, https:\/\/cowkobe.com\/wp-content\/uploads\/2025\/06\/27-100x100.jpg 100w, https:\/\/cowkobe.com\/wp-content\/uploads\/2025\/06\/27-50x50.jpg 50w, https:\/\/cowkobe.com\/wp-content\/uploads\/2025\/06\/27-40x40.jpg 40w\" data-sizes=\"(max-width: 2000px) 100vw, 2000px\" src=\"data:image\/gif;base64,R0lGODlhAQABAAAAACH5BAEKAAEALAAAAAABAAEAAAICTAEAOw==\" style=\"--smush-placeholder-width: 2000px; --smush-placeholder-aspect-ratio: 2000\/2000;\" \/><noscript><img loading=\"lazy\" decoding=\"async\" class=\"alignnone wp-image-9082 size-full\" src=\"http:\/\/cowkobe.com\/wp-content\/uploads\/2025\/06\/27.jpg\" alt=\"\" width=\"2000\" height=\"2000\" srcset=\"https:\/\/cowkobe.com\/wp-content\/uploads\/2025\/06\/27.jpg 2000w, https:\/\/cowkobe.com\/wp-content\/uploads\/2025\/06\/27-300x300.jpg 300w, https:\/\/cowkobe.com\/wp-content\/uploads\/2025\/06\/27-1024x1024.jpg 1024w, https:\/\/cowkobe.com\/wp-content\/uploads\/2025\/06\/27-150x150.jpg 150w, https:\/\/cowkobe.com\/wp-content\/uploads\/2025\/06\/27-768x768.jpg 768w, https:\/\/cowkobe.com\/wp-content\/uploads\/2025\/06\/27-1536x1536.jpg 1536w, https:\/\/cowkobe.com\/wp-content\/uploads\/2025\/06\/27-12x12.jpg 12w, https:\/\/cowkobe.com\/wp-content\/uploads\/2025\/06\/27-370x370.jpg 370w, https:\/\/cowkobe.com\/wp-content\/uploads\/2025\/06\/27-302x302.jpg 302w, https:\/\/cowkobe.com\/wp-content\/uploads\/2025\/06\/27-800x800.jpg 800w, https:\/\/cowkobe.com\/wp-content\/uploads\/2025\/06\/27-100x100.jpg 100w, https:\/\/cowkobe.com\/wp-content\/uploads\/2025\/06\/27-50x50.jpg 50w, https:\/\/cowkobe.com\/wp-content\/uploads\/2025\/06\/27-40x40.jpg 40w\" sizes=\"(max-width: 2000px) 100vw, 2000px\" \/><\/noscript><\/p>\n<p style=\"text-align: center;\">Quand la nature rencontre le design\uff01<\/p>\n<p><img loading=\"lazy\" decoding=\"async\" class=\"alignnone wp-image-9083 size-full lazyload\" data-src=\"http:\/\/cowkobe.com\/wp-content\/uploads\/2025\/06\/28.jpg\" alt=\"\" width=\"2000\" height=\"2000\" data-srcset=\"https:\/\/cowkobe.com\/wp-content\/uploads\/2025\/06\/28.jpg 2000w, https:\/\/cowkobe.com\/wp-content\/uploads\/2025\/06\/28-300x300.jpg 300w, https:\/\/cowkobe.com\/wp-content\/uploads\/2025\/06\/28-1024x1024.jpg 1024w, https:\/\/cowkobe.com\/wp-content\/uploads\/2025\/06\/28-150x150.jpg 150w, https:\/\/cowkobe.com\/wp-content\/uploads\/2025\/06\/28-768x768.jpg 768w, https:\/\/cowkobe.com\/wp-content\/uploads\/2025\/06\/28-1536x1536.jpg 1536w, https:\/\/cowkobe.com\/wp-content\/uploads\/2025\/06\/28-12x12.jpg 12w, https:\/\/cowkobe.com\/wp-content\/uploads\/2025\/06\/28-370x370.jpg 370w, https:\/\/cowkobe.com\/wp-content\/uploads\/2025\/06\/28-302x302.jpg 302w, https:\/\/cowkobe.com\/wp-content\/uploads\/2025\/06\/28-800x800.jpg 800w, https:\/\/cowkobe.com\/wp-content\/uploads\/2025\/06\/28-100x100.jpg 100w, https:\/\/cowkobe.com\/wp-content\/uploads\/2025\/06\/28-50x50.jpg 50w, https:\/\/cowkobe.com\/wp-content\/uploads\/2025\/06\/28-40x40.jpg 40w\" data-sizes=\"(max-width: 2000px) 100vw, 2000px\" src=\"data:image\/gif;base64,R0lGODlhAQABAAAAACH5BAEKAAEALAAAAAABAAEAAAICTAEAOw==\" style=\"--smush-placeholder-width: 2000px; --smush-placeholder-aspect-ratio: 2000\/2000;\" \/><noscript><img loading=\"lazy\" decoding=\"async\" class=\"alignnone wp-image-9083 size-full\" src=\"http:\/\/cowkobe.com\/wp-content\/uploads\/2025\/06\/28.jpg\" alt=\"\" width=\"2000\" height=\"2000\" srcset=\"https:\/\/cowkobe.com\/wp-content\/uploads\/2025\/06\/28.jpg 2000w, https:\/\/cowkobe.com\/wp-content\/uploads\/2025\/06\/28-300x300.jpg 300w, https:\/\/cowkobe.com\/wp-content\/uploads\/2025\/06\/28-1024x1024.jpg 1024w, https:\/\/cowkobe.com\/wp-content\/uploads\/2025\/06\/28-150x150.jpg 150w, https:\/\/cowkobe.com\/wp-content\/uploads\/2025\/06\/28-768x768.jpg 768w, https:\/\/cowkobe.com\/wp-content\/uploads\/2025\/06\/28-1536x1536.jpg 1536w, https:\/\/cowkobe.com\/wp-content\/uploads\/2025\/06\/28-12x12.jpg 12w, https:\/\/cowkobe.com\/wp-content\/uploads\/2025\/06\/28-370x370.jpg 370w, https:\/\/cowkobe.com\/wp-content\/uploads\/2025\/06\/28-302x302.jpg 302w, https:\/\/cowkobe.com\/wp-content\/uploads\/2025\/06\/28-800x800.jpg 800w, https:\/\/cowkobe.com\/wp-content\/uploads\/2025\/06\/28-100x100.jpg 100w, https:\/\/cowkobe.com\/wp-content\/uploads\/2025\/06\/28-50x50.jpg 50w, https:\/\/cowkobe.com\/wp-content\/uploads\/2025\/06\/28-40x40.jpg 40w\" sizes=\"(max-width: 2000px) 100vw, 2000px\" \/><\/noscript><\/p>\n<p style=\"text-align: center;\">Que vous recherchiez le charme rustique, la modernit\u00e9 ou l'\u00e9l\u00e9gance boh\u00e8me, ce tapis rehausse sans effort votre d\u00e9cor d'une touche artisanale. Utilisez-le comme pi\u00e8ce ma\u00eetresse sur le sol ou accrochez-le au mur pour un effet artistique inattendu.<\/p>","protected":false},"excerpt":{"rendered":"<p>100 % LEATHER Genuine cowhide leather with a unique and premium touch and feel. Our cowhide rugs are timelessly elegant and take your interior to the next level. Experience the beauty of nature in every inch of the rug, adding warmth, character and charm to your space. Crafted from carefully selected genuine cowhide, this patchwork&hellip;<\/p>","protected":false},"featured_media":9090,"comment_status":"open","ping_status":"closed","template":"","meta":[],"product_cat":[732,229],"product_tag":[],"class_list":{"0":"post-9126","1":"product","2":"type-product","3":"status-publish","4":"has-post-thumbnail","6":"product_cat-cowhide-patchwork-rug","7":"product_cat-leather-cowhide","9":"first","10":"instock","11":"taxable","12":"shipping-taxable","13":"purchasable","14":"product-type-simple","15":"col-xs-6 col-sm-4","16":"col-md-3 col-lg-3","17":"un-4-cols"},"_links":{"self":[{"href":"https:\/\/cowkobe.com\/fr\/wp-json\/wp\/v2\/product\/9126","targetHints":{"allow":["GET"]}}],"collection":[{"href":"https:\/\/cowkobe.com\/fr\/wp-json\/wp\/v2\/product"}],"about":[{"href":"https:\/\/cowkobe.com\/fr\/wp-json\/wp\/v2\/types\/product"}],"replies":[{"embeddable":true,"href":"https:\/\/cowkobe.com\/fr\/wp-json\/wp\/v2\/comments?post=9126"}],"wp:featuredmedia":[{"embeddable":true,"href":"https:\/\/cowkobe.com\/fr\/wp-json\/wp\/v2\/media\/9090"}],"wp:attachment":[{"href":"https:\/\/cowkobe.com\/fr\/wp-json\/wp\/v2\/media?parent=9126"}],"wp:term":[{"taxonomy":"product_cat","embeddable":true,"href":"https:\/\/cowkobe.com\/fr\/wp-json\/wp\/v2\/product_cat?post=9126"},{"taxonomy":"product_tag","embeddable":true,"href":"https:\/\/cowkobe.com\/fr\/wp-json\/wp\/v2\/product_tag?post=9126"}],"curies":[{"name":"wp","href":"https:\/\/api.w.org\/{rel}","templated":true}]}}