{"id":9865,"date":"2025-06-23T07:33:10","date_gmt":"2025-06-23T07:33:10","guid":{"rendered":"https:\/\/cowkobe.com\/?post_type=product&#038;p=9865"},"modified":"2025-07-25T06:54:39","modified_gmt":"2025-07-25T06:54:39","slug":"leather-cow-pillows4848-white-and-brown-rivet-cowhide-decorative-pillows-cowhide-throw-cowhide-accent-printing-couch-pillows-for-living-roomsofabedoutdoor-car-solid-designs","status":"publish","type":"product","link":"https:\/\/cowkobe.com\/pt\/produto\/leather-cow-pillows4848-white-and-brown-rivet-cowhide-decorative-pillows-cowhide-throw-cowhide-accent-printing-couch-pillows-for-living-roomsofabedoutdoor-car-solid-designs\/","title":{"rendered":"Almofadas de couro de vaca, 30*50 Almofadas decorativas de couro de vaca com rebite branco e marrom Almofadas de couro de vaca para sof\u00e1 com estampa de sotaque de couro de vaca para sala de estar, sof\u00e1, cama, carro ao ar livre Designs s\u00f3lidos"},"content":{"rendered":"<h1 style=\"text-align: center;\">Couro de vaca de verdade. Conforto real. Estilo real<\/h1>\n<p><img fetchpriority=\"high\" decoding=\"async\" class=\"aligncenter wp-image-9815 size-full\" src=\"http:\/\/cowkobe.com\/wp-content\/uploads\/2025\/06\/21-4-scaled.jpg\" alt=\"\" width=\"1381\" height=\"2560\" srcset=\"https:\/\/cowkobe.com\/wp-content\/uploads\/2025\/06\/21-4-scaled.jpg 1381w, https:\/\/cowkobe.com\/wp-content\/uploads\/2025\/06\/21-4-162x300.jpg 162w, https:\/\/cowkobe.com\/wp-content\/uploads\/2025\/06\/21-4-553x1024.jpg 553w, https:\/\/cowkobe.com\/wp-content\/uploads\/2025\/06\/21-4-768x1423.jpg 768w, https:\/\/cowkobe.com\/wp-content\/uploads\/2025\/06\/21-4-829x1536.jpg 829w, https:\/\/cowkobe.com\/wp-content\/uploads\/2025\/06\/21-4-1105x2048.jpg 1105w, https:\/\/cowkobe.com\/wp-content\/uploads\/2025\/06\/21-4-6x12.jpg 6w, https:\/\/cowkobe.com\/wp-content\/uploads\/2025\/06\/21-4-317x588.jpg 317w, https:\/\/cowkobe.com\/wp-content\/uploads\/2025\/06\/21-4-800x1483.jpg 800w, https:\/\/cowkobe.com\/wp-content\/uploads\/2025\/06\/21-4-22x40.jpg 22w\" sizes=\"(max-width: 1381px) 100vw, 1381px\" \/><\/p>\n<p style=\"text-align: center;\">O calor do oeste encontra a vida de luxo\uff01<\/p>\n<p><img decoding=\"async\" class=\"aligncenter wp-image-9806 size-full lazyload\" data-src=\"http:\/\/cowkobe.com\/wp-content\/uploads\/2025\/06\/12-5.jpg\" alt=\"\" width=\"2000\" height=\"2000\" data-srcset=\"https:\/\/cowkobe.com\/wp-content\/uploads\/2025\/06\/12-5.jpg 2000w, https:\/\/cowkobe.com\/wp-content\/uploads\/2025\/06\/12-5-300x300.jpg 300w, https:\/\/cowkobe.com\/wp-content\/uploads\/2025\/06\/12-5-1024x1024.jpg 1024w, https:\/\/cowkobe.com\/wp-content\/uploads\/2025\/06\/12-5-150x150.jpg 150w, https:\/\/cowkobe.com\/wp-content\/uploads\/2025\/06\/12-5-768x768.jpg 768w, https:\/\/cowkobe.com\/wp-content\/uploads\/2025\/06\/12-5-1536x1536.jpg 1536w, https:\/\/cowkobe.com\/wp-content\/uploads\/2025\/06\/12-5-12x12.jpg 12w, https:\/\/cowkobe.com\/wp-content\/uploads\/2025\/06\/12-5-370x370.jpg 370w, https:\/\/cowkobe.com\/wp-content\/uploads\/2025\/06\/12-5-302x302.jpg 302w, https:\/\/cowkobe.com\/wp-content\/uploads\/2025\/06\/12-5-800x800.jpg 800w, https:\/\/cowkobe.com\/wp-content\/uploads\/2025\/06\/12-5-100x100.jpg 100w, https:\/\/cowkobe.com\/wp-content\/uploads\/2025\/06\/12-5-50x50.jpg 50w, https:\/\/cowkobe.com\/wp-content\/uploads\/2025\/06\/12-5-40x40.jpg 40w\" data-sizes=\"(max-width: 2000px) 100vw, 2000px\" src=\"data:image\/gif;base64,R0lGODlhAQABAAAAACH5BAEKAAEALAAAAAABAAEAAAICTAEAOw==\" style=\"--smush-placeholder-width: 2000px; --smush-placeholder-aspect-ratio: 2000\/2000;\" \/><noscript><img decoding=\"async\" class=\"aligncenter wp-image-9806 size-full\" src=\"http:\/\/cowkobe.com\/wp-content\/uploads\/2025\/06\/12-5.jpg\" alt=\"\" width=\"2000\" height=\"2000\" srcset=\"https:\/\/cowkobe.com\/wp-content\/uploads\/2025\/06\/12-5.jpg 2000w, https:\/\/cowkobe.com\/wp-content\/uploads\/2025\/06\/12-5-300x300.jpg 300w, https:\/\/cowkobe.com\/wp-content\/uploads\/2025\/06\/12-5-1024x1024.jpg 1024w, https:\/\/cowkobe.com\/wp-content\/uploads\/2025\/06\/12-5-150x150.jpg 150w, https:\/\/cowkobe.com\/wp-content\/uploads\/2025\/06\/12-5-768x768.jpg 768w, https:\/\/cowkobe.com\/wp-content\/uploads\/2025\/06\/12-5-1536x1536.jpg 1536w, https:\/\/cowkobe.com\/wp-content\/uploads\/2025\/06\/12-5-12x12.jpg 12w, https:\/\/cowkobe.com\/wp-content\/uploads\/2025\/06\/12-5-370x370.jpg 370w, https:\/\/cowkobe.com\/wp-content\/uploads\/2025\/06\/12-5-302x302.jpg 302w, https:\/\/cowkobe.com\/wp-content\/uploads\/2025\/06\/12-5-800x800.jpg 800w, https:\/\/cowkobe.com\/wp-content\/uploads\/2025\/06\/12-5-100x100.jpg 100w, https:\/\/cowkobe.com\/wp-content\/uploads\/2025\/06\/12-5-50x50.jpg 50w, https:\/\/cowkobe.com\/wp-content\/uploads\/2025\/06\/12-5-40x40.jpg 40w\" sizes=\"(max-width: 2000px) 100vw, 2000px\" \/><\/noscript><\/p>\n<p style=\"text-align: center;\">Atualize sua casa com nossos produtos premium <strong data-start=\"194\" data-end=\"209\">travesseiros de vaca<\/strong>fabricado com couro bovino genu\u00edno 100%. Cada pe\u00e7a \u00e9 selecionada manualmente por sua beleza natural e maciez - n\u00e3o h\u00e1 duas iguais.<\/p>\n<p><img decoding=\"async\" class=\"aligncenter wp-image-9801 size-full lazyload\" data-src=\"http:\/\/cowkobe.com\/wp-content\/uploads\/2025\/06\/7-5.jpg\" alt=\"\" width=\"2000\" height=\"2000\" data-srcset=\"https:\/\/cowkobe.com\/wp-content\/uploads\/2025\/06\/7-5.jpg 2000w, https:\/\/cowkobe.com\/wp-content\/uploads\/2025\/06\/7-5-300x300.jpg 300w, https:\/\/cowkobe.com\/wp-content\/uploads\/2025\/06\/7-5-1024x1024.jpg 1024w, https:\/\/cowkobe.com\/wp-content\/uploads\/2025\/06\/7-5-150x150.jpg 150w, https:\/\/cowkobe.com\/wp-content\/uploads\/2025\/06\/7-5-768x768.jpg 768w, https:\/\/cowkobe.com\/wp-content\/uploads\/2025\/06\/7-5-1536x1536.jpg 1536w, https:\/\/cowkobe.com\/wp-content\/uploads\/2025\/06\/7-5-12x12.jpg 12w, https:\/\/cowkobe.com\/wp-content\/uploads\/2025\/06\/7-5-370x370.jpg 370w, https:\/\/cowkobe.com\/wp-content\/uploads\/2025\/06\/7-5-302x302.jpg 302w, https:\/\/cowkobe.com\/wp-content\/uploads\/2025\/06\/7-5-800x800.jpg 800w, https:\/\/cowkobe.com\/wp-content\/uploads\/2025\/06\/7-5-100x100.jpg 100w, https:\/\/cowkobe.com\/wp-content\/uploads\/2025\/06\/7-5-50x50.jpg 50w, https:\/\/cowkobe.com\/wp-content\/uploads\/2025\/06\/7-5-40x40.jpg 40w\" data-sizes=\"(max-width: 2000px) 100vw, 2000px\" src=\"data:image\/gif;base64,R0lGODlhAQABAAAAACH5BAEKAAEALAAAAAABAAEAAAICTAEAOw==\" style=\"--smush-placeholder-width: 2000px; --smush-placeholder-aspect-ratio: 2000\/2000;\" \/><noscript><img decoding=\"async\" class=\"aligncenter wp-image-9801 size-full\" src=\"http:\/\/cowkobe.com\/wp-content\/uploads\/2025\/06\/7-5.jpg\" alt=\"\" width=\"2000\" height=\"2000\" srcset=\"https:\/\/cowkobe.com\/wp-content\/uploads\/2025\/06\/7-5.jpg 2000w, https:\/\/cowkobe.com\/wp-content\/uploads\/2025\/06\/7-5-300x300.jpg 300w, https:\/\/cowkobe.com\/wp-content\/uploads\/2025\/06\/7-5-1024x1024.jpg 1024w, https:\/\/cowkobe.com\/wp-content\/uploads\/2025\/06\/7-5-150x150.jpg 150w, https:\/\/cowkobe.com\/wp-content\/uploads\/2025\/06\/7-5-768x768.jpg 768w, https:\/\/cowkobe.com\/wp-content\/uploads\/2025\/06\/7-5-1536x1536.jpg 1536w, https:\/\/cowkobe.com\/wp-content\/uploads\/2025\/06\/7-5-12x12.jpg 12w, https:\/\/cowkobe.com\/wp-content\/uploads\/2025\/06\/7-5-370x370.jpg 370w, https:\/\/cowkobe.com\/wp-content\/uploads\/2025\/06\/7-5-302x302.jpg 302w, https:\/\/cowkobe.com\/wp-content\/uploads\/2025\/06\/7-5-800x800.jpg 800w, https:\/\/cowkobe.com\/wp-content\/uploads\/2025\/06\/7-5-100x100.jpg 100w, https:\/\/cowkobe.com\/wp-content\/uploads\/2025\/06\/7-5-50x50.jpg 50w, https:\/\/cowkobe.com\/wp-content\/uploads\/2025\/06\/7-5-40x40.jpg 40w\" sizes=\"(max-width: 2000px) 100vw, 2000px\" \/><\/noscript><\/p>\n<p style=\"text-align: center;\">Perfeitos para sof\u00e1s, camas ou cantos de leitura, estes <strong data-start=\"720\" data-end=\"735\">travesseiros de vaca<\/strong> acrescentam uma combina\u00e7\u00e3o \u00fanica de conforto e charme campestre a qualquer c\u00f4modo. <img loading=\"lazy\" decoding=\"async\" class=\"aligncenter wp-image-9803 size-full lazyload\" data-src=\"http:\/\/cowkobe.com\/wp-content\/uploads\/2025\/06\/9-5.jpg\" alt=\"\" width=\"2000\" height=\"2000\" data-srcset=\"https:\/\/cowkobe.com\/wp-content\/uploads\/2025\/06\/9-5.jpg 2000w, https:\/\/cowkobe.com\/wp-content\/uploads\/2025\/06\/9-5-300x300.jpg 300w, https:\/\/cowkobe.com\/wp-content\/uploads\/2025\/06\/9-5-1024x1024.jpg 1024w, https:\/\/cowkobe.com\/wp-content\/uploads\/2025\/06\/9-5-150x150.jpg 150w, https:\/\/cowkobe.com\/wp-content\/uploads\/2025\/06\/9-5-768x768.jpg 768w, https:\/\/cowkobe.com\/wp-content\/uploads\/2025\/06\/9-5-1536x1536.jpg 1536w, https:\/\/cowkobe.com\/wp-content\/uploads\/2025\/06\/9-5-12x12.jpg 12w, https:\/\/cowkobe.com\/wp-content\/uploads\/2025\/06\/9-5-370x370.jpg 370w, https:\/\/cowkobe.com\/wp-content\/uploads\/2025\/06\/9-5-302x302.jpg 302w, https:\/\/cowkobe.com\/wp-content\/uploads\/2025\/06\/9-5-800x800.jpg 800w, https:\/\/cowkobe.com\/wp-content\/uploads\/2025\/06\/9-5-100x100.jpg 100w, https:\/\/cowkobe.com\/wp-content\/uploads\/2025\/06\/9-5-50x50.jpg 50w, https:\/\/cowkobe.com\/wp-content\/uploads\/2025\/06\/9-5-40x40.jpg 40w\" data-sizes=\"(max-width: 2000px) 100vw, 2000px\" src=\"data:image\/gif;base64,R0lGODlhAQABAAAAACH5BAEKAAEALAAAAAABAAEAAAICTAEAOw==\" style=\"--smush-placeholder-width: 2000px; --smush-placeholder-aspect-ratio: 2000\/2000;\" \/><noscript><img loading=\"lazy\" decoding=\"async\" class=\"aligncenter wp-image-9803 size-full\" src=\"http:\/\/cowkobe.com\/wp-content\/uploads\/2025\/06\/9-5.jpg\" alt=\"\" width=\"2000\" height=\"2000\" srcset=\"https:\/\/cowkobe.com\/wp-content\/uploads\/2025\/06\/9-5.jpg 2000w, https:\/\/cowkobe.com\/wp-content\/uploads\/2025\/06\/9-5-300x300.jpg 300w, https:\/\/cowkobe.com\/wp-content\/uploads\/2025\/06\/9-5-1024x1024.jpg 1024w, https:\/\/cowkobe.com\/wp-content\/uploads\/2025\/06\/9-5-150x150.jpg 150w, https:\/\/cowkobe.com\/wp-content\/uploads\/2025\/06\/9-5-768x768.jpg 768w, https:\/\/cowkobe.com\/wp-content\/uploads\/2025\/06\/9-5-1536x1536.jpg 1536w, https:\/\/cowkobe.com\/wp-content\/uploads\/2025\/06\/9-5-12x12.jpg 12w, https:\/\/cowkobe.com\/wp-content\/uploads\/2025\/06\/9-5-370x370.jpg 370w, https:\/\/cowkobe.com\/wp-content\/uploads\/2025\/06\/9-5-302x302.jpg 302w, https:\/\/cowkobe.com\/wp-content\/uploads\/2025\/06\/9-5-800x800.jpg 800w, https:\/\/cowkobe.com\/wp-content\/uploads\/2025\/06\/9-5-100x100.jpg 100w, https:\/\/cowkobe.com\/wp-content\/uploads\/2025\/06\/9-5-50x50.jpg 50w, https:\/\/cowkobe.com\/wp-content\/uploads\/2025\/06\/9-5-40x40.jpg 40w\" sizes=\"(max-width: 2000px) 100vw, 2000px\" \/><\/noscript> <img loading=\"lazy\" decoding=\"async\" class=\"aligncenter wp-image-9809 size-full lazyload\" data-src=\"http:\/\/cowkobe.com\/wp-content\/uploads\/2025\/06\/15-4.jpg\" alt=\"\" width=\"2000\" height=\"2000\" data-srcset=\"https:\/\/cowkobe.com\/wp-content\/uploads\/2025\/06\/15-4.jpg 2000w, https:\/\/cowkobe.com\/wp-content\/uploads\/2025\/06\/15-4-300x300.jpg 300w, https:\/\/cowkobe.com\/wp-content\/uploads\/2025\/06\/15-4-1024x1024.jpg 1024w, https:\/\/cowkobe.com\/wp-content\/uploads\/2025\/06\/15-4-150x150.jpg 150w, https:\/\/cowkobe.com\/wp-content\/uploads\/2025\/06\/15-4-768x768.jpg 768w, https:\/\/cowkobe.com\/wp-content\/uploads\/2025\/06\/15-4-1536x1536.jpg 1536w, https:\/\/cowkobe.com\/wp-content\/uploads\/2025\/06\/15-4-12x12.jpg 12w, https:\/\/cowkobe.com\/wp-content\/uploads\/2025\/06\/15-4-370x370.jpg 370w, https:\/\/cowkobe.com\/wp-content\/uploads\/2025\/06\/15-4-302x302.jpg 302w, https:\/\/cowkobe.com\/wp-content\/uploads\/2025\/06\/15-4-800x800.jpg 800w, https:\/\/cowkobe.com\/wp-content\/uploads\/2025\/06\/15-4-100x100.jpg 100w, https:\/\/cowkobe.com\/wp-content\/uploads\/2025\/06\/15-4-50x50.jpg 50w, https:\/\/cowkobe.com\/wp-content\/uploads\/2025\/06\/15-4-40x40.jpg 40w\" data-sizes=\"(max-width: 2000px) 100vw, 2000px\" src=\"data:image\/gif;base64,R0lGODlhAQABAAAAACH5BAEKAAEALAAAAAABAAEAAAICTAEAOw==\" style=\"--smush-placeholder-width: 2000px; --smush-placeholder-aspect-ratio: 2000\/2000;\" \/><noscript><img loading=\"lazy\" decoding=\"async\" class=\"aligncenter wp-image-9809 size-full\" src=\"http:\/\/cowkobe.com\/wp-content\/uploads\/2025\/06\/15-4.jpg\" alt=\"\" width=\"2000\" height=\"2000\" srcset=\"https:\/\/cowkobe.com\/wp-content\/uploads\/2025\/06\/15-4.jpg 2000w, https:\/\/cowkobe.com\/wp-content\/uploads\/2025\/06\/15-4-300x300.jpg 300w, https:\/\/cowkobe.com\/wp-content\/uploads\/2025\/06\/15-4-1024x1024.jpg 1024w, https:\/\/cowkobe.com\/wp-content\/uploads\/2025\/06\/15-4-150x150.jpg 150w, https:\/\/cowkobe.com\/wp-content\/uploads\/2025\/06\/15-4-768x768.jpg 768w, https:\/\/cowkobe.com\/wp-content\/uploads\/2025\/06\/15-4-1536x1536.jpg 1536w, https:\/\/cowkobe.com\/wp-content\/uploads\/2025\/06\/15-4-12x12.jpg 12w, https:\/\/cowkobe.com\/wp-content\/uploads\/2025\/06\/15-4-370x370.jpg 370w, https:\/\/cowkobe.com\/wp-content\/uploads\/2025\/06\/15-4-302x302.jpg 302w, https:\/\/cowkobe.com\/wp-content\/uploads\/2025\/06\/15-4-800x800.jpg 800w, https:\/\/cowkobe.com\/wp-content\/uploads\/2025\/06\/15-4-100x100.jpg 100w, https:\/\/cowkobe.com\/wp-content\/uploads\/2025\/06\/15-4-50x50.jpg 50w, https:\/\/cowkobe.com\/wp-content\/uploads\/2025\/06\/15-4-40x40.jpg 40w\" sizes=\"(max-width: 2000px) 100vw, 2000px\" \/><\/noscript><\/p>\n<h1>Precau\u00e7\u00f5es de manuten\u00e7\u00e3o<\/h1>\n<ul>\n<li data-start=\"264\" data-end=\"343\">\n<p data-start=\"266\" data-end=\"343\"><strong data-start=\"266\" data-end=\"286\">Aspirar regularmente<\/strong> usando um acess\u00f3rio de escova macia para remover poeira e sujeira.<\/p>\n<\/li>\n<li data-start=\"344\" data-end=\"441\">\n<p data-start=\"346\" data-end=\"441\"><strong data-start=\"346\" data-end=\"365\">Limpeza somente com pano<\/strong>. Use um pano \u00famido com sab\u00e3o neutro para pequenas manchas - evite encharcar o couro.<\/p>\n<\/li>\n<li data-start=\"442\" data-end=\"523\">\n<p data-start=\"444\" data-end=\"523\"><strong data-start=\"444\" data-end=\"481\">Evite produtos de limpeza agressivos ou qu\u00edmicos<\/strong>pois podem danificar o acabamento natural.<\/p>\n<\/li>\n<li data-start=\"524\" data-end=\"616\">\n<p data-start=\"526\" data-end=\"616\"><strong data-start=\"526\" data-end=\"568\">Mantenha-o longe da luz solar direta ou do calor<\/strong>que pode causar desbotamento ou ressecamento com o tempo.<\/p>\n<\/li>\n<li data-start=\"617\" data-end=\"676\">\n<p data-start=\"619\" data-end=\"676\"><strong data-start=\"619\" data-end=\"640\">Gire o travesseiro<\/strong> ocasionalmente para garantir um desgaste uniforme.<\/p>\n<\/li>\n<\/ul>","protected":false},"excerpt":{"rendered":"<p>Real Cowhide. Real Comfort. Real Style Western Warmth Meets Luxe Living\uff01 Upgrade your home with our premium cow pillows, made from 100% genuine cowhide. Each piece is hand-selected for its natural beauty and softness\u2014no two are exactly alike. Perfect for couches, beds, or reading nooks, these cow pillows add a unique blend of comfort and&hellip;<\/p>","protected":false},"featured_media":9801,"comment_status":"open","ping_status":"closed","template":"","meta":[],"product_cat":[748,788,229],"product_tag":[],"class_list":{"0":"post-9865","1":"product","2":"type-product","3":"status-publish","4":"has-post-thumbnail","6":"product_cat-cowhide-pillows","7":"product_cat-new","8":"product_cat-leather-cowhide","10":"first","11":"instock","12":"taxable","13":"shipping-taxable","14":"purchasable","15":"product-type-variable","16":"wvs-archive-product-wrapper","17":"col-xs-6 col-sm-4","18":"col-md-3 col-lg-3","19":"un-4-cols"},"_links":{"self":[{"href":"https:\/\/cowkobe.com\/pt\/wp-json\/wp\/v2\/product\/9865","targetHints":{"allow":["GET"]}}],"collection":[{"href":"https:\/\/cowkobe.com\/pt\/wp-json\/wp\/v2\/product"}],"about":[{"href":"https:\/\/cowkobe.com\/pt\/wp-json\/wp\/v2\/types\/product"}],"replies":[{"embeddable":true,"href":"https:\/\/cowkobe.com\/pt\/wp-json\/wp\/v2\/comments?post=9865"}],"wp:featuredmedia":[{"embeddable":true,"href":"https:\/\/cowkobe.com\/pt\/wp-json\/wp\/v2\/media\/9801"}],"wp:attachment":[{"href":"https:\/\/cowkobe.com\/pt\/wp-json\/wp\/v2\/media?parent=9865"}],"wp:term":[{"taxonomy":"product_cat","embeddable":true,"href":"https:\/\/cowkobe.com\/pt\/wp-json\/wp\/v2\/product_cat?post=9865"},{"taxonomy":"product_tag","embeddable":true,"href":"https:\/\/cowkobe.com\/pt\/wp-json\/wp\/v2\/product_tag?post=9865"}],"curies":[{"name":"wp","href":"https:\/\/api.w.org\/{rel}","templated":true}]}}